{"id":2640,"date":"2022-06-16T12:51:21","date_gmt":"2022-06-16T10:51:21","guid":{"rendered":"https:\/\/www.wanderbetrieb.at\/?post_type=product&#038;p=2640"},"modified":"2022-06-25T12:30:21","modified_gmt":"2022-06-25T10:30:21","slug":"pumpkin-seed-oil-premium","status":"publish","type":"product","link":"https:\/\/www.wanderbetrieb.at\/en\/ole\/kurbiskernol-premium\/","title":{"rendered":"Pumpkin Seed Oil Premium"},"content":{"rendered":"<p>100 % Styrian pumpkin seed oil, first pressing, unfiltered, traditionally produced, natural.<br \/>\nThis exquisite specialty made from the shell-less, dark green pumpkin seeds of the Styrian oil pumpkin is characterized by fine, nutty roasted aromas and its deep green color.<br \/>\nOur pumpkin seed oil is produced by <em><strong>Claudia&#039;s<\/strong> <strong>parents<\/strong> <\/em>in Styria, planted, cared for and harvested. <em><strong>Claudia<\/strong> <\/em>Press the seeds according to old traditions and harvest the oil exclusively for us. The pumpkin seed oil is not diluted. 100% Pumpkin in a bottle!<br \/>\nClassic for fresh salads, sauces, and as a finishing touch to various dishes. Do not heat.<\/p>\n<div id=\"masterqrPost\" style=\"text-align:left\"><\/div><div class =\"mqrbtnalign\" style=\"    display: flex;justify-content:left\"><div style=\"width:254px;display:flex;align-items: center;justify-content: center;font-size: small\"><a id=\"downloadbuton2\" download=\"K\u00fcrbiskern\u00f6l Premium.png\" class=\"btn_fromt_canvas\" style=\"color:#fff;background:#16601a;\">Download QR\n                <\/a><a id=\"printButtoncont\" style=\"margin-left:10px;color:#fff;background:#e53463\";>Print QR<\/a>\n                <div><\/div><script>function masterqrCurrentPAge(){new QRCode(document.getElementById(\"masterqrPost\"),{text: \"https:\/\/www.wanderbetrieb.at\/en\/wp-json\/wp\/v2\/product\/2640\", width: 254, height: 254, colorDark: \"#000000\", colorLight:\"#fff\", PI: \"#000000\", PO: \"#000000\", AI: \"#000000\", AO: \"#000000\", PI_TL: \"#000000\", PO_TL: \"#000000\", logo: \"\", logoWidth: 55, logoHeight: 55, logoBackgroundTransparent: true, backgroundImage: \"\", dotScale: \"0.6\", timing: \"#000000\", timing_V: \"#000000\", backgroundImageAlpha: \"0.3\",});}masterqrCurrentPAge(); <\/script>","protected":false},"excerpt":{"rendered":"<p>100 % Styrian pumpkin seed oil, first pressing, unfiltered, traditionally produced, natural.<\/p>","protected":false},"featured_media":2844,"comment_status":"open","ping_status":"closed","template":"","meta":{"site-sidebar-layout":"no-sidebar","site-content-layout":"default","ast-site-content-layout":"default","site-content-style":"default","site-sidebar-style":"default","ast-global-header-display":"","ast-banner-title-visibility":"","ast-main-header-display":"","ast-hfb-above-header-display":"","ast-hfb-below-header-display":"","ast-hfb-mobile-header-display":"","site-post-title":"","ast-breadcrumbs-content":"","ast-featured-img":"","footer-sml-layout":"","ast-disable-related-posts":"","theme-transparent-header-meta":"default","adv-header-id-meta":"","stick-header-meta":"","header-above-stick-meta":"","header-main-stick-meta":"","header-below-stick-meta":"","astra-migrate-meta-layouts":"default","ast-page-background-enabled":"default","ast-page-background-meta":{"desktop":{"background-color":"var(--ast-global-color-4)","background-image":"","background-repeat":"repeat","background-position":"center center","background-size":"auto","background-attachment":"scroll","background-type":"","background-media":"","overlay-type":"","overlay-color":"","overlay-opacity":"","overlay-gradient":""},"tablet":{"background-color":"","background-image":"","background-repeat":"repeat","background-position":"center center","background-size":"auto","background-attachment":"scroll","background-type":"","background-media":"","overlay-type":"","overlay-color":"","overlay-opacity":"","overlay-gradient":""},"mobile":{"background-color":"","background-image":"","background-repeat":"repeat","background-position":"center center","background-size":"auto","background-attachment":"scroll","background-type":"","background-media":"","overlay-type":"","overlay-color":"","overlay-opacity":"","overlay-gradient":""}},"ast-content-background-meta":{"desktop":{"background-color":"var(--ast-global-color-5)","background-image":"","background-repeat":"repeat","background-position":"center center","background-size":"auto","background-attachment":"scroll","background-type":"","background-media":"","overlay-type":"","overlay-color":"","overlay-opacity":"","overlay-gradient":""},"tablet":{"background-color":"var(--ast-global-color-5)","background-image":"","background-repeat":"repeat","background-position":"center center","background-size":"auto","background-attachment":"scroll","background-type":"","background-media":"","overlay-type":"","overlay-color":"","overlay-opacity":"","overlay-gradient":""},"mobile":{"background-color":"var(--ast-global-color-5)","background-image":"","background-repeat":"repeat","background-position":"center center","background-size":"auto","background-attachment":"scroll","background-type":"","background-media":"","overlay-type":"","overlay-color":"","overlay-opacity":"","overlay-gradient":""}}},"product_brand":[],"product_cat":[54],"product_tag":[],"class_list":{"0":"post-2640","1":"product","2":"type-product","3":"status-publish","4":"has-post-thumbnail","6":"product_cat-ole","7":"desktop-align-center","8":"tablet-align-center","9":"mobile-align-center","10":"ast-product-gallery-layout-horizontal-slider","11":"ast-product-gallery-with-no-image","12":"ast-magnify-disabled","13":"ast-product-tabs-layout-horizontal","15":"first","16":"instock","17":"purchasable","18":"product-type-simple"},"yoast_head":"<!-- This site is optimized with the Yoast SEO plugin v27.3 - https:\/\/yoast.com\/product\/yoast-seo-wordpress\/ -->\n<title>K\u00fcrbiskern\u00f6l Premium - Wanderbetrieb Fuschlseeregion<\/title>\n<meta name=\"description\" content=\"100 % K\u00fcrbiskern\u00f6l aus der Steiermark g.g.A. aus Erstpressung, ungefiltert, traditionell hergestellt, naturbelassen.\" \/>\n<meta name=\"robots\" content=\"noindex, follow\" \/>\n<meta property=\"og:locale\" content=\"en_GB\" \/>\n<meta property=\"og:type\" content=\"article\" \/>\n<meta property=\"og:title\" content=\"K\u00fcrbiskern\u00f6l Premium - Wanderbetrieb Fuschlseeregion\" \/>\n<meta property=\"og:description\" content=\"100 % K\u00fcrbiskern\u00f6l aus der Steiermark g.g.A. aus Erstpressung, ungefiltert, traditionell hergestellt, naturbelassen.\" \/>\n<meta property=\"og:url\" content=\"https:\/\/www.wanderbetrieb.at\/en\/ole\/pumpkin-seed-oil-premium\/\" \/>\n<meta property=\"og:site_name\" content=\"Wanderbetrieb Fuschlseeregion\" \/>\n<meta property=\"article:modified_time\" content=\"2022-06-25T10:30:21+00:00\" \/>\n<meta property=\"og:image\" content=\"https:\/\/www.wanderbetrieb.at\/wp-content\/uploads\/2022\/06\/Wanderbetrieb-Fuschlseeregion-Kuerbiskernoel-01.jpg\" \/>\n\t<meta property=\"og:image:width\" content=\"800\" \/>\n\t<meta property=\"og:image:height\" content=\"800\" \/>\n\t<meta property=\"og:image:type\" content=\"image\/jpeg\" \/>\n<meta name=\"twitter:card\" content=\"summary_large_image\" \/>\n<meta name=\"twitter:label1\" content=\"Estimated reading time\" \/>\n\t<meta name=\"twitter:data1\" content=\"1 minute\" \/>\n<script type=\"application\/ld+json\" class=\"yoast-schema-graph\">{\"@context\":\"https:\\\/\\\/schema.org\",\"@graph\":[{\"@type\":\"WebPage\",\"@id\":\"https:\\\/\\\/www.wanderbetrieb.at\\\/ole\\\/kurbiskernol-premium\\\/\",\"url\":\"https:\\\/\\\/www.wanderbetrieb.at\\\/ole\\\/kurbiskernol-premium\\\/\",\"name\":\"K\u00fcrbiskern\u00f6l Premium - Wanderbetrieb Fuschlseeregion\",\"isPartOf\":{\"@id\":\"https:\\\/\\\/www.wanderbetrieb.at\\\/#website\"},\"primaryImageOfPage\":{\"@id\":\"https:\\\/\\\/www.wanderbetrieb.at\\\/ole\\\/kurbiskernol-premium\\\/#primaryimage\"},\"image\":{\"@id\":\"https:\\\/\\\/www.wanderbetrieb.at\\\/ole\\\/kurbiskernol-premium\\\/#primaryimage\"},\"thumbnailUrl\":\"https:\\\/\\\/www.wanderbetrieb.at\\\/wp-content\\\/uploads\\\/2022\\\/06\\\/Wanderbetrieb-Fuschlseeregion-Kuerbiskernoel-01.jpg\",\"datePublished\":\"2022-06-16T10:51:21+00:00\",\"dateModified\":\"2022-06-25T10:30:21+00:00\",\"description\":\"100 % K\u00fcrbiskern\u00f6l aus der Steiermark g.g.A. aus Erstpressung, ungefiltert, traditionell hergestellt, naturbelassen.\",\"breadcrumb\":{\"@id\":\"https:\\\/\\\/www.wanderbetrieb.at\\\/ole\\\/kurbiskernol-premium\\\/#breadcrumb\"},\"inLanguage\":\"en-GB\",\"potentialAction\":[{\"@type\":\"ReadAction\",\"target\":[\"https:\\\/\\\/www.wanderbetrieb.at\\\/ole\\\/kurbiskernol-premium\\\/\"]}]},{\"@type\":\"ImageObject\",\"inLanguage\":\"en-GB\",\"@id\":\"https:\\\/\\\/www.wanderbetrieb.at\\\/ole\\\/kurbiskernol-premium\\\/#primaryimage\",\"url\":\"https:\\\/\\\/www.wanderbetrieb.at\\\/wp-content\\\/uploads\\\/2022\\\/06\\\/Wanderbetrieb-Fuschlseeregion-Kuerbiskernoel-01.jpg\",\"contentUrl\":\"https:\\\/\\\/www.wanderbetrieb.at\\\/wp-content\\\/uploads\\\/2022\\\/06\\\/Wanderbetrieb-Fuschlseeregion-Kuerbiskernoel-01.jpg\",\"width\":800,\"height\":800,\"caption\":\"Wanderbetrieb Fuschlseeregion K\u00fcrbiskern\u00f6l\"},{\"@type\":\"BreadcrumbList\",\"@id\":\"https:\\\/\\\/www.wanderbetrieb.at\\\/ole\\\/kurbiskernol-premium\\\/#breadcrumb\",\"itemListElement\":[{\"@type\":\"ListItem\",\"position\":1,\"name\":\"Startseite\",\"item\":\"https:\\\/\\\/www.wanderbetrieb.at\\\/\"},{\"@type\":\"ListItem\",\"position\":2,\"name\":\"Shop\",\"item\":\"https:\\\/\\\/www.wanderbetrieb.at\\\/shop\\\/\"},{\"@type\":\"ListItem\",\"position\":3,\"name\":\"K\u00fcrbiskern\u00f6l Premium\"}]},{\"@type\":\"WebSite\",\"@id\":\"https:\\\/\\\/www.wanderbetrieb.at\\\/#website\",\"url\":\"https:\\\/\\\/www.wanderbetrieb.at\\\/\",\"name\":\"Wanderbetrieb Fuschlseeregion\",\"description\":\"\",\"publisher\":{\"@id\":\"https:\\\/\\\/www.wanderbetrieb.at\\\/#organization\"},\"potentialAction\":[{\"@type\":\"SearchAction\",\"target\":{\"@type\":\"EntryPoint\",\"urlTemplate\":\"https:\\\/\\\/www.wanderbetrieb.at\\\/?s={search_term_string}\"},\"query-input\":{\"@type\":\"PropertyValueSpecification\",\"valueRequired\":true,\"valueName\":\"search_term_string\"}}],\"inLanguage\":\"en-GB\"},{\"@type\":\"Organization\",\"@id\":\"https:\\\/\\\/www.wanderbetrieb.at\\\/#organization\",\"name\":\"Pension Schierl - Wanderbetrieb in der Fuschlseeregion\",\"url\":\"https:\\\/\\\/www.wanderbetrieb.at\\\/\",\"logo\":{\"@type\":\"ImageObject\",\"inLanguage\":\"en-GB\",\"@id\":\"https:\\\/\\\/www.wanderbetrieb.at\\\/#\\\/schema\\\/logo\\\/image\\\/\",\"url\":\"https:\\\/\\\/www.wanderbetrieb.at\\\/wp-content\\\/uploads\\\/2022\\\/05\\\/wanderbetrieb-premium.png\",\"contentUrl\":\"https:\\\/\\\/www.wanderbetrieb.at\\\/wp-content\\\/uploads\\\/2022\\\/05\\\/wanderbetrieb-premium.png\",\"width\":126,\"height\":136,\"caption\":\"Pension Schierl - Wanderbetrieb in der Fuschlseeregion\"},\"image\":{\"@id\":\"https:\\\/\\\/www.wanderbetrieb.at\\\/#\\\/schema\\\/logo\\\/image\\\/\"}}]}<\/script>\n<!-- \/ Yoast SEO plugin. -->","yoast_head_json":{"title":"Pumpkin Seed Oil Premium - Hiking Company Fuschlseeregion","description":"100 % pumpkin seed oil from Styria PGI from first pressing, unfiltered, traditionally produced, natural.","robots":{"index":"noindex","follow":"follow"},"og_locale":"en_GB","og_type":"article","og_title":"K\u00fcrbiskern\u00f6l Premium - Wanderbetrieb Fuschlseeregion","og_description":"100 % K\u00fcrbiskern\u00f6l aus der Steiermark g.g.A. aus Erstpressung, ungefiltert, traditionell hergestellt, naturbelassen.","og_url":"https:\/\/www.wanderbetrieb.at\/en\/ole\/pumpkin-seed-oil-premium\/","og_site_name":"Wanderbetrieb Fuschlseeregion","article_modified_time":"2022-06-25T10:30:21+00:00","og_image":[{"width":800,"height":800,"url":"https:\/\/www.wanderbetrieb.at\/wp-content\/uploads\/2022\/06\/Wanderbetrieb-Fuschlseeregion-Kuerbiskernoel-01.jpg","type":"image\/jpeg"}],"twitter_card":"summary_large_image","twitter_misc":{"Estimated reading time":"1 minute"},"schema":{"@context":"https:\/\/schema.org","@graph":[{"@type":"WebPage","@id":"https:\/\/www.wanderbetrieb.at\/ole\/kurbiskernol-premium\/","url":"https:\/\/www.wanderbetrieb.at\/ole\/kurbiskernol-premium\/","name":"Pumpkin Seed Oil Premium - Hiking Company Fuschlseeregion","isPartOf":{"@id":"https:\/\/www.wanderbetrieb.at\/#website"},"primaryImageOfPage":{"@id":"https:\/\/www.wanderbetrieb.at\/ole\/kurbiskernol-premium\/#primaryimage"},"image":{"@id":"https:\/\/www.wanderbetrieb.at\/ole\/kurbiskernol-premium\/#primaryimage"},"thumbnailUrl":"https:\/\/www.wanderbetrieb.at\/wp-content\/uploads\/2022\/06\/Wanderbetrieb-Fuschlseeregion-Kuerbiskernoel-01.jpg","datePublished":"2022-06-16T10:51:21+00:00","dateModified":"2022-06-25T10:30:21+00:00","description":"100 % pumpkin seed oil from Styria PGI from first pressing, unfiltered, traditionally produced, natural.","breadcrumb":{"@id":"https:\/\/www.wanderbetrieb.at\/ole\/kurbiskernol-premium\/#breadcrumb"},"inLanguage":"en-GB","potentialAction":[{"@type":"ReadAction","target":["https:\/\/www.wanderbetrieb.at\/ole\/kurbiskernol-premium\/"]}]},{"@type":"ImageObject","inLanguage":"en-GB","@id":"https:\/\/www.wanderbetrieb.at\/ole\/kurbiskernol-premium\/#primaryimage","url":"https:\/\/www.wanderbetrieb.at\/wp-content\/uploads\/2022\/06\/Wanderbetrieb-Fuschlseeregion-Kuerbiskernoel-01.jpg","contentUrl":"https:\/\/www.wanderbetrieb.at\/wp-content\/uploads\/2022\/06\/Wanderbetrieb-Fuschlseeregion-Kuerbiskernoel-01.jpg","width":800,"height":800,"caption":"Wanderbetrieb Fuschlseeregion K\u00fcrbiskern\u00f6l"},{"@type":"BreadcrumbList","@id":"https:\/\/www.wanderbetrieb.at\/ole\/kurbiskernol-premium\/#breadcrumb","itemListElement":[{"@type":"ListItem","position":1,"name":"Startseite","item":"https:\/\/www.wanderbetrieb.at\/"},{"@type":"ListItem","position":2,"name":"Shop","item":"https:\/\/www.wanderbetrieb.at\/shop\/"},{"@type":"ListItem","position":3,"name":"K\u00fcrbiskern\u00f6l Premium"}]},{"@type":"WebSite","@id":"https:\/\/www.wanderbetrieb.at\/#website","url":"https:\/\/www.wanderbetrieb.at\/","name":"Hiking in the Fuschlsee region","description":"","publisher":{"@id":"https:\/\/www.wanderbetrieb.at\/#organization"},"potentialAction":[{"@type":"SearchAction","target":{"@type":"EntryPoint","urlTemplate":"https:\/\/www.wanderbetrieb.at\/?s={search_term_string}"},"query-input":{"@type":"PropertyValueSpecification","valueRequired":true,"valueName":"search_term_string"}}],"inLanguage":"en-GB"},{"@type":"Organization","@id":"https:\/\/www.wanderbetrieb.at\/#organization","name":"Pension Schierl - hiking operation in the Fuschlsee region","url":"https:\/\/www.wanderbetrieb.at\/","logo":{"@type":"ImageObject","inLanguage":"en-GB","@id":"https:\/\/www.wanderbetrieb.at\/#\/schema\/logo\/image\/","url":"https:\/\/www.wanderbetrieb.at\/wp-content\/uploads\/2022\/05\/wanderbetrieb-premium.png","contentUrl":"https:\/\/www.wanderbetrieb.at\/wp-content\/uploads\/2022\/05\/wanderbetrieb-premium.png","width":126,"height":136,"caption":"Pension Schierl - Wanderbetrieb in der Fuschlseeregion"},"image":{"@id":"https:\/\/www.wanderbetrieb.at\/#\/schema\/logo\/image\/"}}]}},"_links":{"self":[{"href":"https:\/\/www.wanderbetrieb.at\/en\/wp-json\/wp\/v2\/product\/2640","targetHints":{"allow":["GET"]}}],"collection":[{"href":"https:\/\/www.wanderbetrieb.at\/en\/wp-json\/wp\/v2\/product"}],"about":[{"href":"https:\/\/www.wanderbetrieb.at\/en\/wp-json\/wp\/v2\/types\/product"}],"replies":[{"embeddable":true,"href":"https:\/\/www.wanderbetrieb.at\/en\/wp-json\/wp\/v2\/comments?post=2640"}],"wp:featuredmedia":[{"embeddable":true,"href":"https:\/\/www.wanderbetrieb.at\/en\/wp-json\/wp\/v2\/media\/2844"}],"wp:attachment":[{"href":"https:\/\/www.wanderbetrieb.at\/en\/wp-json\/wp\/v2\/media?parent=2640"}],"wp:term":[{"taxonomy":"product_brand","embeddable":true,"href":"https:\/\/www.wanderbetrieb.at\/en\/wp-json\/wp\/v2\/product_brand?post=2640"},{"taxonomy":"product_cat","embeddable":true,"href":"https:\/\/www.wanderbetrieb.at\/en\/wp-json\/wp\/v2\/product_cat?post=2640"},{"taxonomy":"product_tag","embeddable":true,"href":"https:\/\/www.wanderbetrieb.at\/en\/wp-json\/wp\/v2\/product_tag?post=2640"}],"curies":[{"name":"wp","href":"https:\/\/api.w.org\/{rel}","templated":true}]}}