{"id":2848,"date":"2022-06-20T10:33:53","date_gmt":"2022-06-20T08:33:53","guid":{"rendered":"https:\/\/www.wanderbetrieb.at\/?post_type=product&#038;p=2848"},"modified":"2022-06-25T12:33:39","modified_gmt":"2022-06-25T10:33:39","slug":"beer-liqueur","status":"publish","type":"product","link":"https:\/\/www.wanderbetrieb.at\/en\/alkoholika\/bier-likor\/","title":{"rendered":"beer liqueur"},"content":{"rendered":"<p>Not just for beer lovers, a high-proof taste experience:<br \/>\nMade from exquisite double bock beer, hop blossoms, cold macerates, and malt, this liqueur is truly special. Whether enjoyed neat on ice or at room temperature, its malty notes combined with pleasant sweetness will win you over instantly.<br \/>\nOur beer liqueur is made by <em><strong>wolfgang<\/strong><\/em> (<em>Nature and adventure hiking guide<\/em>) made by myself.<\/p>\n<div id=\"masterqrPost\" style=\"text-align:left\"><\/div><div class =\"mqrbtnalign\" style=\"    display: flex;justify-content:left\"><div style=\"width:254px;display:flex;align-items: center;justify-content: center;font-size: small\"><a id=\"downloadbuton2\" download=\"Bier Lik\u00f6r.png\" class=\"btn_fromt_canvas\" style=\"color:#fff;background:#16601a;\">Download QR\n                <\/a><a id=\"printButtoncont\" style=\"margin-left:10px;color:#fff;background:#e53463\";>Print QR<\/a>\n                <div><\/div><script>function masterqrCurrentPAge(){new QRCode(document.getElementById(\"masterqrPost\"),{text: \"https:\/\/www.wanderbetrieb.at\/en\/wp-json\/wp\/v2\/product\/2848\", width: 254, height: 254, colorDark: \"#000000\", colorLight:\"#fff\", PI: \"#000000\", PO: \"#000000\", AI: \"#000000\", AO: \"#000000\", PI_TL: \"#000000\", PO_TL: \"#000000\", logo: \"\", logoWidth: 55, logoHeight: 55, logoBackgroundTransparent: true, backgroundImage: \"\", dotScale: \"0.6\", timing: \"#000000\", timing_V: \"#000000\", backgroundImageAlpha: \"0.3\",});}masterqrCurrentPAge(); <\/script>","protected":false},"excerpt":{"rendered":"<p>Nicht nur f\u00fcr Bierliebhaber ein hochprozentiges Geschmachserlebnis: Hergestellt aus exquisitem Doppelbockbier, Hopfenbl\u00fcten, Kalt-Mazeraten und Malz ist dieser Lik\u00f6r etwas ganz besonderes. Ob pur auf Eis oder ungek\u00fchlt, die malzige Note in Verbindung mit der angenehmen S\u00fc\u00dfe werden Dich sofort \u00fcberzeugen. Unser Bier Lik\u00f6r wird von Wolfgang (Natur- und Erlebniswanderf\u00fchrer) selber hergestellt. Download QR Print QR<\/p>","protected":false},"featured_media":2846,"comment_status":"open","ping_status":"closed","template":"","meta":{"site-sidebar-layout":"no-sidebar","site-content-layout":"default","ast-site-content-layout":"default","site-content-style":"default","site-sidebar-style":"default","ast-global-header-display":"","ast-banner-title-visibility":"","ast-main-header-display":"","ast-hfb-above-header-display":"","ast-hfb-below-header-display":"","ast-hfb-mobile-header-display":"","site-post-title":"","ast-breadcrumbs-content":"","ast-featured-img":"","footer-sml-layout":"","ast-disable-related-posts":"","theme-transparent-header-meta":"default","adv-header-id-meta":"","stick-header-meta":"","header-above-stick-meta":"","header-main-stick-meta":"","header-below-stick-meta":"","astra-migrate-meta-layouts":"default","ast-page-background-enabled":"default","ast-page-background-meta":{"desktop":{"background-color":"var(--ast-global-color-4)","background-image":"","background-repeat":"repeat","background-position":"center center","background-size":"auto","background-attachment":"scroll","background-type":"","background-media":"","overlay-type":"","overlay-color":"","overlay-opacity":"","overlay-gradient":""},"tablet":{"background-color":"","background-image":"","background-repeat":"repeat","background-position":"center center","background-size":"auto","background-attachment":"scroll","background-type":"","background-media":"","overlay-type":"","overlay-color":"","overlay-opacity":"","overlay-gradient":""},"mobile":{"background-color":"","background-image":"","background-repeat":"repeat","background-position":"center center","background-size":"auto","background-attachment":"scroll","background-type":"","background-media":"","overlay-type":"","overlay-color":"","overlay-opacity":"","overlay-gradient":""}},"ast-content-background-meta":{"desktop":{"background-color":"var(--ast-global-color-5)","background-image":"","background-repeat":"repeat","background-position":"center center","background-size":"auto","background-attachment":"scroll","background-type":"","background-media":"","overlay-type":"","overlay-color":"","overlay-opacity":"","overlay-gradient":""},"tablet":{"background-color":"var(--ast-global-color-5)","background-image":"","background-repeat":"repeat","background-position":"center center","background-size":"auto","background-attachment":"scroll","background-type":"","background-media":"","overlay-type":"","overlay-color":"","overlay-opacity":"","overlay-gradient":""},"mobile":{"background-color":"var(--ast-global-color-5)","background-image":"","background-repeat":"repeat","background-position":"center center","background-size":"auto","background-attachment":"scroll","background-type":"","background-media":"","overlay-type":"","overlay-color":"","overlay-opacity":"","overlay-gradient":""}}},"product_brand":[],"product_cat":[53],"product_tag":[],"class_list":{"0":"post-2848","1":"product","2":"type-product","3":"status-publish","4":"has-post-thumbnail","6":"product_cat-alkoholika","7":"desktop-align-center","8":"tablet-align-center","9":"mobile-align-center","10":"ast-product-gallery-layout-horizontal-slider","11":"ast-product-gallery-with-no-image","12":"ast-magnify-disabled","13":"ast-product-tabs-layout-horizontal","15":"first","16":"instock","17":"purchasable","18":"product-type-simple"},"yoast_head":"<!-- This site is optimized with the Yoast SEO plugin v27.3 - https:\/\/yoast.com\/product\/yoast-seo-wordpress\/ -->\n<title>Bier Lik\u00f6r - Wanderbetrieb Fuschlseeregion<\/title>\n<meta name=\"description\" content=\"Nicht nur f\u00fcr Bierliebhaber ist Bier Lik\u00f6r ein Geschmachserlebnis hergestellt aus Doppelbockbier, Hopfenbl\u00fcten, Kalt-Mazeraten und Malz\" \/>\n<meta name=\"robots\" content=\"noindex, follow\" \/>\n<meta property=\"og:locale\" content=\"en_GB\" \/>\n<meta property=\"og:type\" content=\"article\" \/>\n<meta property=\"og:title\" content=\"Bier Lik\u00f6r - Wanderbetrieb Fuschlseeregion\" \/>\n<meta property=\"og:description\" content=\"Nicht nur f\u00fcr Bierliebhaber ist Bier Lik\u00f6r ein Geschmachserlebnis hergestellt aus Doppelbockbier, Hopfenbl\u00fcten, Kalt-Mazeraten und Malz\" \/>\n<meta property=\"og:url\" content=\"https:\/\/www.wanderbetrieb.at\/en\/alcohol\/beer-liqueur\/\" \/>\n<meta property=\"og:site_name\" content=\"Wanderbetrieb Fuschlseeregion\" \/>\n<meta property=\"article:modified_time\" content=\"2022-06-25T10:33:39+00:00\" \/>\n<meta property=\"og:image\" content=\"https:\/\/www.wanderbetrieb.at\/wp-content\/uploads\/2022\/06\/Wanderbetrieb-Fuschlseeregion-Hollerlikoer.jpg\" \/>\n\t<meta property=\"og:image:width\" content=\"800\" \/>\n\t<meta property=\"og:image:height\" content=\"800\" \/>\n\t<meta property=\"og:image:type\" content=\"image\/jpeg\" \/>\n<meta name=\"twitter:card\" content=\"summary_large_image\" \/>\n<meta name=\"twitter:label1\" content=\"Estimated reading time\" \/>\n\t<meta name=\"twitter:data1\" content=\"1 minute\" \/>\n<script type=\"application\/ld+json\" class=\"yoast-schema-graph\">{\"@context\":\"https:\\\/\\\/schema.org\",\"@graph\":[{\"@type\":\"WebPage\",\"@id\":\"https:\\\/\\\/www.wanderbetrieb.at\\\/alkoholika\\\/bier-likor\\\/\",\"url\":\"https:\\\/\\\/www.wanderbetrieb.at\\\/alkoholika\\\/bier-likor\\\/\",\"name\":\"Bier Lik\u00f6r - Wanderbetrieb Fuschlseeregion\",\"isPartOf\":{\"@id\":\"https:\\\/\\\/www.wanderbetrieb.at\\\/#website\"},\"primaryImageOfPage\":{\"@id\":\"https:\\\/\\\/www.wanderbetrieb.at\\\/alkoholika\\\/bier-likor\\\/#primaryimage\"},\"image\":{\"@id\":\"https:\\\/\\\/www.wanderbetrieb.at\\\/alkoholika\\\/bier-likor\\\/#primaryimage\"},\"thumbnailUrl\":\"https:\\\/\\\/www.wanderbetrieb.at\\\/wp-content\\\/uploads\\\/2022\\\/06\\\/Wanderbetrieb-Fuschlseeregion-Hollerlikoer.jpg\",\"datePublished\":\"2022-06-20T08:33:53+00:00\",\"dateModified\":\"2022-06-25T10:33:39+00:00\",\"description\":\"Nicht nur f\u00fcr Bierliebhaber ist Bier Lik\u00f6r ein Geschmachserlebnis hergestellt aus Doppelbockbier, Hopfenbl\u00fcten, Kalt-Mazeraten und Malz\",\"breadcrumb\":{\"@id\":\"https:\\\/\\\/www.wanderbetrieb.at\\\/alkoholika\\\/bier-likor\\\/#breadcrumb\"},\"inLanguage\":\"en-GB\",\"potentialAction\":[{\"@type\":\"ReadAction\",\"target\":[\"https:\\\/\\\/www.wanderbetrieb.at\\\/alkoholika\\\/bier-likor\\\/\"]}]},{\"@type\":\"ImageObject\",\"inLanguage\":\"en-GB\",\"@id\":\"https:\\\/\\\/www.wanderbetrieb.at\\\/alkoholika\\\/bier-likor\\\/#primaryimage\",\"url\":\"https:\\\/\\\/www.wanderbetrieb.at\\\/wp-content\\\/uploads\\\/2022\\\/06\\\/Wanderbetrieb-Fuschlseeregion-Hollerlikoer.jpg\",\"contentUrl\":\"https:\\\/\\\/www.wanderbetrieb.at\\\/wp-content\\\/uploads\\\/2022\\\/06\\\/Wanderbetrieb-Fuschlseeregion-Hollerlikoer.jpg\",\"width\":800,\"height\":800},{\"@type\":\"BreadcrumbList\",\"@id\":\"https:\\\/\\\/www.wanderbetrieb.at\\\/alkoholika\\\/bier-likor\\\/#breadcrumb\",\"itemListElement\":[{\"@type\":\"ListItem\",\"position\":1,\"name\":\"Startseite\",\"item\":\"https:\\\/\\\/www.wanderbetrieb.at\\\/\"},{\"@type\":\"ListItem\",\"position\":2,\"name\":\"Shop\",\"item\":\"https:\\\/\\\/www.wanderbetrieb.at\\\/shop\\\/\"},{\"@type\":\"ListItem\",\"position\":3,\"name\":\"Bier Lik\u00f6r\"}]},{\"@type\":\"WebSite\",\"@id\":\"https:\\\/\\\/www.wanderbetrieb.at\\\/#website\",\"url\":\"https:\\\/\\\/www.wanderbetrieb.at\\\/\",\"name\":\"Wanderbetrieb Fuschlseeregion\",\"description\":\"\",\"publisher\":{\"@id\":\"https:\\\/\\\/www.wanderbetrieb.at\\\/#organization\"},\"potentialAction\":[{\"@type\":\"SearchAction\",\"target\":{\"@type\":\"EntryPoint\",\"urlTemplate\":\"https:\\\/\\\/www.wanderbetrieb.at\\\/?s={search_term_string}\"},\"query-input\":{\"@type\":\"PropertyValueSpecification\",\"valueRequired\":true,\"valueName\":\"search_term_string\"}}],\"inLanguage\":\"en-GB\"},{\"@type\":\"Organization\",\"@id\":\"https:\\\/\\\/www.wanderbetrieb.at\\\/#organization\",\"name\":\"Pension Schierl - Wanderbetrieb in der Fuschlseeregion\",\"url\":\"https:\\\/\\\/www.wanderbetrieb.at\\\/\",\"logo\":{\"@type\":\"ImageObject\",\"inLanguage\":\"en-GB\",\"@id\":\"https:\\\/\\\/www.wanderbetrieb.at\\\/#\\\/schema\\\/logo\\\/image\\\/\",\"url\":\"https:\\\/\\\/www.wanderbetrieb.at\\\/wp-content\\\/uploads\\\/2022\\\/05\\\/wanderbetrieb-premium.png\",\"contentUrl\":\"https:\\\/\\\/www.wanderbetrieb.at\\\/wp-content\\\/uploads\\\/2022\\\/05\\\/wanderbetrieb-premium.png\",\"width\":126,\"height\":136,\"caption\":\"Pension Schierl - Wanderbetrieb in der Fuschlseeregion\"},\"image\":{\"@id\":\"https:\\\/\\\/www.wanderbetrieb.at\\\/#\\\/schema\\\/logo\\\/image\\\/\"}}]}<\/script>\n<!-- \/ Yoast SEO plugin. -->","yoast_head_json":{"title":"Beer Liqueur - Hiking Company Fuschlseeregion","description":"Beer liqueur is not only a taste experience for beer lovers made from double bock beer, hop blossoms, cold macerates and malt","robots":{"index":"noindex","follow":"follow"},"og_locale":"en_GB","og_type":"article","og_title":"Bier Lik\u00f6r - Wanderbetrieb Fuschlseeregion","og_description":"Nicht nur f\u00fcr Bierliebhaber ist Bier Lik\u00f6r ein Geschmachserlebnis hergestellt aus Doppelbockbier, Hopfenbl\u00fcten, Kalt-Mazeraten und Malz","og_url":"https:\/\/www.wanderbetrieb.at\/en\/alcohol\/beer-liqueur\/","og_site_name":"Wanderbetrieb Fuschlseeregion","article_modified_time":"2022-06-25T10:33:39+00:00","og_image":[{"width":800,"height":800,"url":"https:\/\/www.wanderbetrieb.at\/wp-content\/uploads\/2022\/06\/Wanderbetrieb-Fuschlseeregion-Hollerlikoer.jpg","type":"image\/jpeg"}],"twitter_card":"summary_large_image","twitter_misc":{"Estimated reading time":"1 minute"},"schema":{"@context":"https:\/\/schema.org","@graph":[{"@type":"WebPage","@id":"https:\/\/www.wanderbetrieb.at\/alkoholika\/bier-likor\/","url":"https:\/\/www.wanderbetrieb.at\/alkoholika\/bier-likor\/","name":"Beer Liqueur - Hiking Company Fuschlseeregion","isPartOf":{"@id":"https:\/\/www.wanderbetrieb.at\/#website"},"primaryImageOfPage":{"@id":"https:\/\/www.wanderbetrieb.at\/alkoholika\/bier-likor\/#primaryimage"},"image":{"@id":"https:\/\/www.wanderbetrieb.at\/alkoholika\/bier-likor\/#primaryimage"},"thumbnailUrl":"https:\/\/www.wanderbetrieb.at\/wp-content\/uploads\/2022\/06\/Wanderbetrieb-Fuschlseeregion-Hollerlikoer.jpg","datePublished":"2022-06-20T08:33:53+00:00","dateModified":"2022-06-25T10:33:39+00:00","description":"Beer liqueur is not only a taste experience for beer lovers made from double bock beer, hop blossoms, cold macerates and malt","breadcrumb":{"@id":"https:\/\/www.wanderbetrieb.at\/alkoholika\/bier-likor\/#breadcrumb"},"inLanguage":"en-GB","potentialAction":[{"@type":"ReadAction","target":["https:\/\/www.wanderbetrieb.at\/alkoholika\/bier-likor\/"]}]},{"@type":"ImageObject","inLanguage":"en-GB","@id":"https:\/\/www.wanderbetrieb.at\/alkoholika\/bier-likor\/#primaryimage","url":"https:\/\/www.wanderbetrieb.at\/wp-content\/uploads\/2022\/06\/Wanderbetrieb-Fuschlseeregion-Hollerlikoer.jpg","contentUrl":"https:\/\/www.wanderbetrieb.at\/wp-content\/uploads\/2022\/06\/Wanderbetrieb-Fuschlseeregion-Hollerlikoer.jpg","width":800,"height":800},{"@type":"BreadcrumbList","@id":"https:\/\/www.wanderbetrieb.at\/alkoholika\/bier-likor\/#breadcrumb","itemListElement":[{"@type":"ListItem","position":1,"name":"Startseite","item":"https:\/\/www.wanderbetrieb.at\/"},{"@type":"ListItem","position":2,"name":"Shop","item":"https:\/\/www.wanderbetrieb.at\/shop\/"},{"@type":"ListItem","position":3,"name":"Bier Lik\u00f6r"}]},{"@type":"WebSite","@id":"https:\/\/www.wanderbetrieb.at\/#website","url":"https:\/\/www.wanderbetrieb.at\/","name":"Hiking in the Fuschlsee region","description":"","publisher":{"@id":"https:\/\/www.wanderbetrieb.at\/#organization"},"potentialAction":[{"@type":"SearchAction","target":{"@type":"EntryPoint","urlTemplate":"https:\/\/www.wanderbetrieb.at\/?s={search_term_string}"},"query-input":{"@type":"PropertyValueSpecification","valueRequired":true,"valueName":"search_term_string"}}],"inLanguage":"en-GB"},{"@type":"Organization","@id":"https:\/\/www.wanderbetrieb.at\/#organization","name":"Pension Schierl - hiking operation in the Fuschlsee region","url":"https:\/\/www.wanderbetrieb.at\/","logo":{"@type":"ImageObject","inLanguage":"en-GB","@id":"https:\/\/www.wanderbetrieb.at\/#\/schema\/logo\/image\/","url":"https:\/\/www.wanderbetrieb.at\/wp-content\/uploads\/2022\/05\/wanderbetrieb-premium.png","contentUrl":"https:\/\/www.wanderbetrieb.at\/wp-content\/uploads\/2022\/05\/wanderbetrieb-premium.png","width":126,"height":136,"caption":"Pension Schierl - Wanderbetrieb in der Fuschlseeregion"},"image":{"@id":"https:\/\/www.wanderbetrieb.at\/#\/schema\/logo\/image\/"}}]}},"_links":{"self":[{"href":"https:\/\/www.wanderbetrieb.at\/en\/wp-json\/wp\/v2\/product\/2848","targetHints":{"allow":["GET"]}}],"collection":[{"href":"https:\/\/www.wanderbetrieb.at\/en\/wp-json\/wp\/v2\/product"}],"about":[{"href":"https:\/\/www.wanderbetrieb.at\/en\/wp-json\/wp\/v2\/types\/product"}],"replies":[{"embeddable":true,"href":"https:\/\/www.wanderbetrieb.at\/en\/wp-json\/wp\/v2\/comments?post=2848"}],"wp:featuredmedia":[{"embeddable":true,"href":"https:\/\/www.wanderbetrieb.at\/en\/wp-json\/wp\/v2\/media\/2846"}],"wp:attachment":[{"href":"https:\/\/www.wanderbetrieb.at\/en\/wp-json\/wp\/v2\/media?parent=2848"}],"wp:term":[{"taxonomy":"product_brand","embeddable":true,"href":"https:\/\/www.wanderbetrieb.at\/en\/wp-json\/wp\/v2\/product_brand?post=2848"},{"taxonomy":"product_cat","embeddable":true,"href":"https:\/\/www.wanderbetrieb.at\/en\/wp-json\/wp\/v2\/product_cat?post=2848"},{"taxonomy":"product_tag","embeddable":true,"href":"https:\/\/www.wanderbetrieb.at\/en\/wp-json\/wp\/v2\/product_tag?post=2848"}],"curies":[{"name":"wp","href":"https:\/\/api.w.org\/{rel}","templated":true}]}}