{"id":2588,"date":"2022-06-16T10:48:54","date_gmt":"2022-06-16T08:48:54","guid":{"rendered":"https:\/\/www.wanderbetrieb.at\/terms\/"},"modified":"2022-06-18T12:54:37","modified_gmt":"2022-06-18T10:54:37","slug":"conditions-generales-de-vente","status":"publish","type":"page","link":"https:\/\/www.wanderbetrieb.at\/fr\/allgemeine-geschaftsbedingungen\/","title":{"rendered":"Conditions g\u00e9n\u00e9rales de vente"},"content":{"rendered":"<div data-elementor-type=\"wp-page\" data-elementor-id=\"2588\" class=\"elementor elementor-2588\" data-elementor-post-type=\"page\">\n\t\t\t\t\t\t<section class=\"elementor-section elementor-top-section elementor-element elementor-element-149b314 elementor-section-boxed elementor-section-height-default elementor-section-height-default\" data-id=\"149b314\" data-element_type=\"section\" data-e-type=\"section\">\n\t\t\t\t\t\t<div class=\"elementor-container elementor-column-gap-default\">\n\t\t\t\t\t<div class=\"elementor-column elementor-col-100 elementor-top-column elementor-element elementor-element-dc6d380\" data-id=\"dc6d380\" data-element_type=\"column\" data-e-type=\"column\">\n\t\t\t<div class=\"elementor-widget-wrap elementor-element-populated\">\n\t\t\t\t\t\t<div class=\"elementor-element elementor-element-d9d691b elementor-widget elementor-widget-heading\" data-id=\"d9d691b\" data-element_type=\"widget\" data-e-type=\"widget\" data-widget_type=\"heading.default\">\n\t\t\t\t<div class=\"elementor-widget-container\">\n\t\t\t\t\t<h1 class=\"elementor-heading-title elementor-size-default\">Conditions g\u00e9n\u00e9rales de vente<\/h1>\t\t\t\t<\/div>\n\t\t\t\t<\/div>\n\t\t\t\t<div class=\"elementor-element elementor-element-96fe2af elementor-widget elementor-widget-text-editor\" data-id=\"96fe2af\" data-element_type=\"widget\" data-e-type=\"widget\" data-widget_type=\"text-editor.default\">\n\t\t\t\t<div class=\"elementor-widget-container\">\n\t\t\t\t\t\t\t\t\t<h3 class=\"fusion-responsive-typography-calculated\" data-fontsize=\"32\" data-lineheight=\"41.6px\">\u00a7 1 Champ d\u2019application, d\u00e9finitions<\/h3><p>(1) Nicole Winkler<br \/>Si\u00e8ge social : Dorfstrasse 3, 5324 Faistenau, Salzbourg \u2013 Autriche<\/p><p>(ci-apr\u00e8s d\u00e9nomm\u00e9e \u201e nous \u201c ou \u201e Nicole Winkler \u201c) op\u00e8re sous le site web <a href=\"https:\/\/www.wanderbetrieb.at\/fr\/\">https:\/\/www.wanderbetrieb.at\/<\/a>\/ une boutique en ligne de produits. Les conditions g\u00e9n\u00e9rales suivantes s&#039;appliquent \u00e0 toutes les prestations de services conclues entre nous et nos clients (ci-apr\u00e8s\u00a0: \u201e\u00a0client\u00a0\u201c ou \u201e\u00a0vous\u00a0\u201c) dans leur version en vigueur au moment de la commande, sauf accord contraire expr\u00e8s.<\/p><p>(2) Aux fins des pr\u00e9sentes conditions g\u00e9n\u00e9rales, un \u201e consommateur \u201c d\u00e9signe toute personne physique qui conclut un acte juridique \u00e0 des fins qui ne rel\u00e8vent pas principalement de son activit\u00e9 commerciale ou professionnelle ind\u00e9pendante. Un \u201e entrepreneur \u201c d\u00e9signe une personne physique ou morale, ou une soci\u00e9t\u00e9 de personnes dot\u00e9e de la capacit\u00e9 juridique, qui, lorsqu&#039;elle conclut un acte juridique, agit dans l&#039;exercice de son activit\u00e9 commerciale ou professionnelle ind\u00e9pendante, une soci\u00e9t\u00e9 de personnes dot\u00e9e de la capacit\u00e9 juridique \u00e9tant une soci\u00e9t\u00e9 de personnes ayant la capacit\u00e9 d&#039;acqu\u00e9rir des droits et de contracter des dettes.<\/p><h3 class=\"fusion-responsive-typography-calculated\" data-fontsize=\"32\" data-lineheight=\"41.6px\">\u00a7 2 Formation des contrats, conservation du texte du contrat<\/h3><p>(1) Les dispositions suivantes relatives \u00e0 la conclusion des contrats s&#039;appliquent aux commandes pass\u00e9es via notre boutique en ligne sur <a href=\"https:\/\/www.wanderbetrieb.at\/fr\/\">https:\/\/www.wanderbetrieb.at\/<\/a><\/p><p>(2) Nos pr\u00e9sentations de produits sur Internet sont sans engagement et ne constituent pas une offre ferme de conclure un contrat.<\/p><p>(3) D\u00e8s r\u00e9ception d&#039;une commande sur notre boutique en ligne, les dispositions suivantes s&#039;appliquent\u00a0: le client soumet une offre ferme de conclure un contrat en finalisant avec succ\u00e8s la proc\u00e9dure de commande propos\u00e9e sur notre boutique en ligne. La commande se d\u00e9roule en plusieurs \u00e9tapes\u00a0:<\/p><ol><li>S\u00e9lection des produits souhait\u00e9s,<\/li><li>Ajouter des produits en cliquant sur le bouton correspondant (par exemple \u201e Ajouter au panier \u201c, \u201e Ajouter au sac \u201c ou similaire),<\/li><li>V\u00e9rification des informations contenues dans le panier d&#039;achat,<\/li><li>Acc\u00e9dez \u00e0 l&#039;aper\u00e7u de la commande en cliquant sur le bouton correspondant (par exemple \u201e\u00a0Passer \u00e0 la caisse\u00a0\u201c, \u201e\u00a0Proc\u00e9der au paiement\u00a0\u201c, \u201e\u00a0Voir l&#039;aper\u00e7u de la commande\u00a0\u201c, etc.).,<\/li><li>Saisie\/v\u00e9rification de l&#039;adresse et des coordonn\u00e9es, s\u00e9lection du mode de paiement, confirmation des conditions g\u00e9n\u00e9rales et de la politique d&#039;annulation,<\/li><li>Finalisez votre commande en cliquant sur le bouton \u201e\u00a0Acheter maintenant\u00a0\u201c. Votre commande sera alors d\u00e9finitive.<\/li><li>Le contrat est conclu lorsque vous recevez de notre part une confirmation de commande dans un d\u00e9lai de trois jours ouvrables \u00e0 l&#039;adresse \u00e9lectronique indiqu\u00e9e.<\/li><\/ol><p>(4) En cas de conclusion d&#039;un contrat, le contrat sera conclu avec Nicole Winkler, si\u00e8ge social : Dorfstrasse 3, 5324 Faistenau, Salzbourg \u2013 Autriche.<\/p><p>(5) Avant de passer votre commande, vous pouvez imprimer ou enregistrer les d\u00e9tails du contrat au format \u00e9lectronique gr\u00e2ce \u00e0 la fonction d&#039;impression de votre navigateur. Le traitement de votre commande et la transmission de toutes les informations n\u00e9cessaires \u00e0 sa conclusion, notamment les d\u00e9tails de votre commande, les conditions g\u00e9n\u00e9rales de vente et la politique d&#039;annulation, seront effectu\u00e9s par courriel apr\u00e8s votre commande, en partie automatiquement. Nous ne conservons pas le texte du contrat apr\u00e8s sa conclusion.<\/p><p>(6) Les erreurs de saisie peuvent \u00eatre corrig\u00e9es \u00e0 l&#039;aide du clavier, de la souris et des fonctions habituelles du navigateur (par exemple, le bouton \u00bb\u00a0Retour\u00a0\u00ab du navigateur). Elles peuvent \u00e9galement \u00eatre corrig\u00e9es en annulant la commande, en fermant la fen\u00eatre du navigateur et en recommen\u00e7ant.<\/p><p>(7) Le traitement des commandes et la transmission de toutes les informations n\u00e9cessaires \u00e0 la conclusion du contrat sont effectu\u00e9s en partie automatiquement par courrier \u00e9lectronique. Vous devez donc vous assurer que l&#039;adresse \u00e9lectronique que vous nous avez communiqu\u00e9e est correcte, que la r\u00e9ception des courriels est techniquement possible et, en particulier, qu&#039;elle n&#039;est pas bloqu\u00e9e par un filtre anti-spam.<\/p><h3 class=\"fusion-responsive-typography-calculated\" data-fontsize=\"32\" data-lineheight=\"41.6px\">\u00a7 3 Objet du contrat et caract\u00e9ristiques essentielles des produits<\/h3><p>(1) Dans notre boutique en ligne, l&#039;objet du contrat est\u00a0:<\/p><ol><li>Vente de marchandises. Vous trouverez la liste des produits propos\u00e9s sur nos pages produits.<\/li><\/ol><p>(2) Les principales caract\u00e9ristiques de la marchandise peuvent \u00eatre trouv\u00e9es dans la description de l&#039;article.<\/p><h3 class=\"fusion-responsive-typography-calculated\" data-fontsize=\"32\" data-lineheight=\"41.6px\">\u00a7 4 Prix, frais d&#039;exp\u00e9dition et livraison<\/h3><p>(1) Les prix indiqu\u00e9s dans les offres respectives ainsi que les frais d&#039;exp\u00e9dition sont des prix totaux et comprennent tous les \u00e9l\u00e9ments du prix, y compris toutes les taxes applicables.<\/p><p>(2) Le prix d&#039;achat est payable avant la livraison du produit, sauf si nous proposons express\u00e9ment le paiement par facture. Les modes de paiement disponibles sont indiqu\u00e9s par un bouton d\u00e9di\u00e9 dans la boutique en ligne ou dans l&#039;offre correspondante. Sauf mention contraire pour chaque mode de paiement, le paiement est exigible imm\u00e9diatement.<\/p><p>(3) En plus des prix indiqu\u00e9s, des frais de livraison peuvent s&#039;appliquer, sauf si l&#039;article concern\u00e9 est signal\u00e9 comme b\u00e9n\u00e9ficiant de la livraison gratuite. Ces frais vous seront clairement indiqu\u00e9s sur les offres, dans votre panier (le cas \u00e9ch\u00e9ant) et sur le r\u00e9capitulatif de votre commande.<\/p><p>(4) Sauf indication contraire dans la description du produit, tous les produits propos\u00e9s sont pr\u00eats \u00e0 \u00eatre exp\u00e9di\u00e9s imm\u00e9diatement (d\u00e9lai de livraison : 3 \u00e0 4 jours ouvrables apr\u00e8s r\u00e9ception du paiement ou apr\u00e8s r\u00e9ception de la commande dans le cas d&#039;un achat sur compte).<\/p><p>(5) Les restrictions de zone de livraison suivantes s&#039;appliquent : La livraison est effectu\u00e9e dans les pays suivants : Autriche.<\/p><h3 class=\"fusion-responsive-typography-calculated\" data-fontsize=\"32\" data-lineheight=\"41.6px\">\u00a7 5 Droit de r\u00e9tention, r\u00e9serve de propri\u00e9t\u00e9<\/h3><p>(1) Vous ne pouvez exercer un droit de r\u00e9tention que dans la mesure o\u00f9 il se rapporte \u00e0 des cr\u00e9ances d\u00e9coulant de la m\u00eame relation contractuelle.<\/p><p>(2) Les marchandises resteront notre propri\u00e9t\u00e9 jusqu&#039;\u00e0 ce que le prix d&#039;achat ait \u00e9t\u00e9 int\u00e9gralement pay\u00e9.<\/p><h3 class=\"fusion-responsive-typography-calculated\" data-fontsize=\"32\" data-lineheight=\"41.6px\">\u00a7 6 Droit de r\u00e9tractation<\/h3><p>En tant que consommateur, vous disposez d&#039;un droit de r\u00e9tractation. Cela d\u00e9pend du n\u00f4tre\u00a0<a href=\"https:\/\/www.wanderbetrieb.at\/fr\/revocation\/\">Droit de r\u00e9tractation<\/a>.<\/p><h3 class=\"fusion-responsive-typography-calculated\" data-fontsize=\"32\" data-lineheight=\"41.6px\">\u00a7 7 Responsabilit\u00e9<\/h3><p>(1) Sous r\u00e9serve des exceptions suivantes, notre responsabilit\u00e9 pour les manquements aux obligations contractuelles et pour les actes d\u00e9lictueux est limit\u00e9e \u00e0 l&#039;intention ou \u00e0 la n\u00e9gligence grave.<\/p><p>(2) Notre responsabilit\u00e9 est engag\u00e9e sans limitation en cas de n\u00e9gligence l\u00e9g\u00e8re entra\u00eenant des dommages corporels (atteinte \u00e0 la vie, \u00e0 l&#039;int\u00e9grit\u00e9 physique ou \u00e0 la sant\u00e9) ou en cas de manquement \u00e0 une obligation contractuelle essentielle. En cas de manquement \u00e0 nos obligations d\u00fb \u00e0 une n\u00e9gligence l\u00e9g\u00e8re, d&#039;impossibilit\u00e9 d&#039;ex\u00e9cution ou de manquement \u00e0 une obligation contractuelle essentielle, notre responsabilit\u00e9 pour les dommages mat\u00e9riels et les pertes financi\u00e8res qui en r\u00e9sultent est limit\u00e9e \u00e0\u2026\u00a0<strong>dommage contractuellement pr\u00e9visible<\/strong>\u00a0Une obligation contractuelle fondamentale est une obligation dont l&#039;ex\u00e9cution est essentielle \u00e0 la bonne ex\u00e9cution du contrat, dont la violation compromet la r\u00e9alisation de son objet et sur le respect de laquelle vous pouvez l\u00e9gitimement compter. Cela inclut notamment notre obligation d&#039;agir et de fournir la prestation contractuelle, telle que d\u00e9crite \u00e0 la section 3.<\/p><h3 class=\"fusion-responsive-typography-calculated\" data-fontsize=\"32\" data-lineheight=\"41.6px\">\u00a7 8 Langage contractuel<\/h3><p>Le contrat n&#039;est disponible que dans une seule langue : l&#039;allemand.<\/p><h3 class=\"fusion-responsive-typography-calculated\" data-fontsize=\"32\" data-lineheight=\"41.6px\">\u00a7 9 Garantie\/Service client\u00e8le<\/h3><p>(1) La garantie est r\u00e9gie par les dispositions l\u00e9gales.<\/p><p>(2) La p\u00e9riode de garantie des marchandises fournies aux entrepreneurs est de 12 mois.<\/p><p>(3) En tant que consommateur, vous \u00eates tenu de v\u00e9rifier imm\u00e9diatement \u00e0 la livraison la conformit\u00e9 des biens\/contenus num\u00e9riques ou des services fournis, ainsi que l&#039;absence de d\u00e9fauts apparents et de dommages li\u00e9s au transport, et de nous signaler tout probl\u00e8me ainsi qu&#039;au transporteur dans les plus brefs d\u00e9lais. Le non-respect de cette obligation n&#039;affectera en rien vos droits de garantie l\u00e9gaux.<\/p><p>(4) Notre service client\u00e8le est disponible pour les questions, les plaintes et les r\u00e9clamations par t\u00e9l\u00e9phone au +43 6228 2224 ou par e-mail : office@wanderbetrieb.at de 9h \u00e0 12h du lundi au vendredi.<\/p><h3 class=\"fusion-responsive-typography-calculated\" data-fontsize=\"32\" data-lineheight=\"41.6px\">\u00a7 10 Dispositions finales<\/h3><p>(1) Le droit autrichien est applicable. Dans le cas des consommateurs, ce choix de loi ne s&#039;applique que dans la mesure o\u00f9 il ne les prive pas de la protection offerte par les dispositions imp\u00e9ratives de la loi de l&#039;\u00c9tat dans lequel ils ont leur r\u00e9sidence habituelle (principe de la loi la plus favorable).<\/p><p>(2) Les dispositions de la Convention des Nations Unies sur les contrats de vente internationale de marchandises (CVIM) ne s\u2019appliquent pas express\u00e9ment.<\/p><p>(3) Si le client est un commer\u00e7ant, une personne morale de droit public ou un fonds sp\u00e9cial de droit public, le lieu de juridiction pour tous les litiges d\u00e9coulant des relations contractuelles entre le client et le fournisseur sera le si\u00e8ge social du fournisseur.<\/p>\t\t\t\t\t\t\t\t<\/div>\n\t\t\t\t<\/div>\n\t\t\t\t\t<\/div>\n\t\t<\/div>\n\t\t\t\t\t<\/div>\n\t\t<\/section>\n\t\t\t\t<\/div>\n\t\t<div id=\"masterqrPost\" style=\"text-align:left\"><\/div><div class =\"mqrbtnalign\" style=\"    display: flex;justify-content:left\"><div style=\"width:254px;display:flex;align-items: center;justify-content: center;font-size: small\"><a id=\"downloadbuton2\" download=\"Allgemeine Gesch\u00e4ftsbedingungen.png\" class=\"btn_fromt_canvas\" style=\"color:#fff;background:#16601a;\">T\u00e9l\u00e9charger QR\n                <\/a><a id=\"printButtoncont\" style=\"margin-left:10px;color:#fff;background:#e53463\";>Imprimer QR<\/a>\n                <div><\/div><script>function masterqrCurrentPAge(){new QRCode(document.getElementById(\"masterqrPost\"),{text: \"https:\/\/www.wanderbetrieb.at\/fr\/wp-json\/wp\/v2\/pages\/2588\", width: 254, height: 254, colorDark: \"#000000\", colorLight:\"#fff\", PI: \"#000000\", PO: \"#000000\", AI: \"#000000\", AO: \"#000000\", PI_TL: \"#000000\", PO_TL: \"#000000\", logo: \"\", logoWidth: 55, logoHeight: 55, logoBackgroundTransparent: true, backgroundImage: \"\", dotScale: \"0.6\", timing: \"#000000\", timing_V: \"#000000\", backgroundImageAlpha: \"0.3\",});}masterqrCurrentPAge(); <\/script>","protected":false},"excerpt":{"rendered":"<p>\u00a7 1 Geltung, Begriffsdefinitionen (1) Nicole WinklerFirmensitz: Dorfstrasse 3, 5324 Faistenau, Salzburg \u2013 \u00d6sterreich (im Folgenden: \u201ewir\u201c oder \u201eNicole Winkler\u201c) betreibt unter der Webseite https:\/\/www.wanderbetrieb.at\/\/ einen Online-Shop f\u00fcr Waren. Die nachfolgenden allgemeinen Gesch\u00e4ftsbedingungen gelten f\u00fcr alle Leistungen zwischen uns und unseren Kunden (im Folgenden: \u201eKunde\u201c oder \u201eSie\u201c) in ihrer zum Zeitpunkt der Bestellung g\u00fcltigen Fassung, [&hellip;]<\/p>\n","protected":false},"author":1,"featured_media":0,"parent":0,"menu_order":0,"comment_status":"closed","ping_status":"closed","template":"","meta":{"site-sidebar-layout":"no-sidebar","site-content-layout":"page-builder","ast-site-content-layout":"default","site-content-style":"default","site-sidebar-style":"default","ast-global-header-display":"","ast-banner-title-visibility":"","ast-main-header-display":"","ast-hfb-above-header-display":"","ast-hfb-below-header-display":"","ast-hfb-mobile-header-display":"","site-post-title":"disabled","ast-breadcrumbs-content":"","ast-featured-img":"disabled","footer-sml-layout":"","ast-disable-related-posts":"","theme-transparent-header-meta":"default","adv-header-id-meta":"","stick-header-meta":"","header-above-stick-meta":"","header-main-stick-meta":"","header-below-stick-meta":"","astra-migrate-meta-layouts":"default","ast-page-background-enabled":"default","ast-page-background-meta":{"desktop":{"background-color":"var(--ast-global-color-4)","background-image":"","background-repeat":"repeat","background-position":"center center","background-size":"auto","background-attachment":"scroll","background-type":"","background-media":"","overlay-type":"","overlay-color":"","overlay-opacity":"","overlay-gradient":""},"tablet":{"background-color":"","background-image":"","background-repeat":"repeat","background-position":"center center","background-size":"auto","background-attachment":"scroll","background-type":"","background-media":"","overlay-type":"","overlay-color":"","overlay-opacity":"","overlay-gradient":""},"mobile":{"background-color":"","background-image":"","background-repeat":"repeat","background-position":"center center","background-size":"auto","background-attachment":"scroll","background-type":"","background-media":"","overlay-type":"","overlay-color":"","overlay-opacity":"","overlay-gradient":""}},"ast-content-background-meta":{"desktop":{"background-color":"var(--ast-global-color-5)","background-image":"","background-repeat":"repeat","background-position":"center center","background-size":"auto","background-attachment":"scroll","background-type":"","background-media":"","overlay-type":"","overlay-color":"","overlay-opacity":"","overlay-gradient":""},"tablet":{"background-color":"var(--ast-global-color-5)","background-image":"","background-repeat":"repeat","background-position":"center center","background-size":"auto","background-attachment":"scroll","background-type":"","background-media":"","overlay-type":"","overlay-color":"","overlay-opacity":"","overlay-gradient":""},"mobile":{"background-color":"var(--ast-global-color-5)","background-image":"","background-repeat":"repeat","background-position":"center center","background-size":"auto","background-attachment":"scroll","background-type":"","background-media":"","overlay-type":"","overlay-color":"","overlay-opacity":"","overlay-gradient":""}},"footnotes":""},"class_list":["post-2588","page","type-page","status-publish","hentry"],"yoast_head":"<!-- This site is optimized with the Yoast SEO plugin v27.3 - https:\/\/yoast.com\/product\/yoast-seo-wordpress\/ -->\n<title>Allgemeine Gesch\u00e4ftsbedingungen - Wanderbetrieb Fuschlseeregion<\/title>\n<meta name=\"robots\" content=\"index, follow, max-snippet:-1, max-image-preview:large, max-video-preview:-1\" \/>\n<link rel=\"canonical\" href=\"https:\/\/www.wanderbetrieb.at\/fr\/conditions-generales-de-vente\/\" \/>\n<meta property=\"og:locale\" content=\"fr_FR\" \/>\n<meta property=\"og:type\" content=\"article\" \/>\n<meta property=\"og:title\" content=\"Allgemeine Gesch\u00e4ftsbedingungen - Wanderbetrieb Fuschlseeregion\" \/>\n<meta property=\"og:description\" content=\"\u00a7 1 Geltung, Begriffsdefinitionen (1) Nicole WinklerFirmensitz: Dorfstrasse 3, 5324 Faistenau, Salzburg \u2013 \u00d6sterreich (im Folgenden: \u201ewir\u201c oder \u201eNicole Winkler\u201c) betreibt unter der Webseite https:\/\/www.wanderbetrieb.at\/\/ einen Online-Shop f\u00fcr Waren. Die nachfolgenden allgemeinen Gesch\u00e4ftsbedingungen gelten f\u00fcr alle Leistungen zwischen uns und unseren Kunden (im Folgenden: \u201eKunde\u201c oder \u201eSie\u201c) in ihrer zum Zeitpunkt der Bestellung g\u00fcltigen Fassung, [&hellip;]\" \/>\n<meta property=\"og:url\" content=\"https:\/\/www.wanderbetrieb.at\/fr\/conditions-generales-de-vente\/\" \/>\n<meta property=\"og:site_name\" content=\"Wanderbetrieb Fuschlseeregion\" \/>\n<meta property=\"article:modified_time\" content=\"2022-06-18T10:54:37+00:00\" \/>\n<meta name=\"twitter:card\" content=\"summary_large_image\" \/>\n<meta name=\"twitter:label1\" content=\"Dur\u00e9e de lecture estim\u00e9e\" \/>\n\t<meta name=\"twitter:data1\" content=\"6 minutes\" \/>\n<script type=\"application\/ld+json\" class=\"yoast-schema-graph\">{\"@context\":\"https:\\\/\\\/schema.org\",\"@graph\":[{\"@type\":\"WebPage\",\"@id\":\"https:\\\/\\\/www.wanderbetrieb.at\\\/allgemeine-geschaftsbedingungen\\\/\",\"url\":\"https:\\\/\\\/www.wanderbetrieb.at\\\/allgemeine-geschaftsbedingungen\\\/\",\"name\":\"Allgemeine Gesch\u00e4ftsbedingungen - Wanderbetrieb Fuschlseeregion\",\"isPartOf\":{\"@id\":\"https:\\\/\\\/www.wanderbetrieb.at\\\/#website\"},\"datePublished\":\"2022-06-16T08:48:54+00:00\",\"dateModified\":\"2022-06-18T10:54:37+00:00\",\"breadcrumb\":{\"@id\":\"https:\\\/\\\/www.wanderbetrieb.at\\\/allgemeine-geschaftsbedingungen\\\/#breadcrumb\"},\"inLanguage\":\"fr-FR\",\"potentialAction\":[{\"@type\":\"ReadAction\",\"target\":[\"https:\\\/\\\/www.wanderbetrieb.at\\\/allgemeine-geschaftsbedingungen\\\/\"]}]},{\"@type\":\"BreadcrumbList\",\"@id\":\"https:\\\/\\\/www.wanderbetrieb.at\\\/allgemeine-geschaftsbedingungen\\\/#breadcrumb\",\"itemListElement\":[{\"@type\":\"ListItem\",\"position\":1,\"name\":\"Startseite\",\"item\":\"https:\\\/\\\/www.wanderbetrieb.at\\\/\"},{\"@type\":\"ListItem\",\"position\":2,\"name\":\"Allgemeine Gesch\u00e4ftsbedingungen\"}]},{\"@type\":\"WebSite\",\"@id\":\"https:\\\/\\\/www.wanderbetrieb.at\\\/#website\",\"url\":\"https:\\\/\\\/www.wanderbetrieb.at\\\/\",\"name\":\"Wanderbetrieb Fuschlseeregion\",\"description\":\"\",\"publisher\":{\"@id\":\"https:\\\/\\\/www.wanderbetrieb.at\\\/#organization\"},\"potentialAction\":[{\"@type\":\"SearchAction\",\"target\":{\"@type\":\"EntryPoint\",\"urlTemplate\":\"https:\\\/\\\/www.wanderbetrieb.at\\\/?s={search_term_string}\"},\"query-input\":{\"@type\":\"PropertyValueSpecification\",\"valueRequired\":true,\"valueName\":\"search_term_string\"}}],\"inLanguage\":\"fr-FR\"},{\"@type\":\"Organization\",\"@id\":\"https:\\\/\\\/www.wanderbetrieb.at\\\/#organization\",\"name\":\"Pension Schierl - Wanderbetrieb in der Fuschlseeregion\",\"url\":\"https:\\\/\\\/www.wanderbetrieb.at\\\/\",\"logo\":{\"@type\":\"ImageObject\",\"inLanguage\":\"fr-FR\",\"@id\":\"https:\\\/\\\/www.wanderbetrieb.at\\\/#\\\/schema\\\/logo\\\/image\\\/\",\"url\":\"https:\\\/\\\/www.wanderbetrieb.at\\\/wp-content\\\/uploads\\\/2022\\\/05\\\/wanderbetrieb-premium.png\",\"contentUrl\":\"https:\\\/\\\/www.wanderbetrieb.at\\\/wp-content\\\/uploads\\\/2022\\\/05\\\/wanderbetrieb-premium.png\",\"width\":126,\"height\":136,\"caption\":\"Pension Schierl - Wanderbetrieb in der Fuschlseeregion\"},\"image\":{\"@id\":\"https:\\\/\\\/www.wanderbetrieb.at\\\/#\\\/schema\\\/logo\\\/image\\\/\"}}]}<\/script>\n<!-- \/ Yoast SEO plugin. -->","yoast_head_json":{"title":"Conditions g\u00e9n\u00e9rales - Entreprise de randonn\u00e9e de la r\u00e9gion du Fuschlsee","robots":{"index":"index","follow":"follow","max-snippet":"max-snippet:-1","max-image-preview":"max-image-preview:large","max-video-preview":"max-video-preview:-1"},"canonical":"https:\/\/www.wanderbetrieb.at\/fr\/conditions-generales-de-vente\/","og_locale":"fr_FR","og_type":"article","og_title":"Allgemeine Gesch\u00e4ftsbedingungen - Wanderbetrieb Fuschlseeregion","og_description":"\u00a7 1 Geltung, Begriffsdefinitionen (1) Nicole WinklerFirmensitz: Dorfstrasse 3, 5324 Faistenau, Salzburg \u2013 \u00d6sterreich (im Folgenden: \u201ewir\u201c oder \u201eNicole Winkler\u201c) betreibt unter der Webseite https:\/\/www.wanderbetrieb.at\/\/ einen Online-Shop f\u00fcr Waren. Die nachfolgenden allgemeinen Gesch\u00e4ftsbedingungen gelten f\u00fcr alle Leistungen zwischen uns und unseren Kunden (im Folgenden: \u201eKunde\u201c oder \u201eSie\u201c) in ihrer zum Zeitpunkt der Bestellung g\u00fcltigen Fassung, [&hellip;]","og_url":"https:\/\/www.wanderbetrieb.at\/fr\/conditions-generales-de-vente\/","og_site_name":"Wanderbetrieb Fuschlseeregion","article_modified_time":"2022-06-18T10:54:37+00:00","twitter_card":"summary_large_image","twitter_misc":{"Dur\u00e9e de lecture estim\u00e9e":"6 minutes"},"schema":{"@context":"https:\/\/schema.org","@graph":[{"@type":"WebPage","@id":"https:\/\/www.wanderbetrieb.at\/allgemeine-geschaftsbedingungen\/","url":"https:\/\/www.wanderbetrieb.at\/allgemeine-geschaftsbedingungen\/","name":"Conditions g\u00e9n\u00e9rales - Entreprise de randonn\u00e9e de la r\u00e9gion du Fuschlsee","isPartOf":{"@id":"https:\/\/www.wanderbetrieb.at\/#website"},"datePublished":"2022-06-16T08:48:54+00:00","dateModified":"2022-06-18T10:54:37+00:00","breadcrumb":{"@id":"https:\/\/www.wanderbetrieb.at\/allgemeine-geschaftsbedingungen\/#breadcrumb"},"inLanguage":"fr-FR","potentialAction":[{"@type":"ReadAction","target":["https:\/\/www.wanderbetrieb.at\/allgemeine-geschaftsbedingungen\/"]}]},{"@type":"BreadcrumbList","@id":"https:\/\/www.wanderbetrieb.at\/allgemeine-geschaftsbedingungen\/#breadcrumb","itemListElement":[{"@type":"ListItem","position":1,"name":"Startseite","item":"https:\/\/www.wanderbetrieb.at\/"},{"@type":"ListItem","position":2,"name":"Allgemeine Gesch\u00e4ftsbedingungen"}]},{"@type":"WebSite","@id":"https:\/\/www.wanderbetrieb.at\/#website","url":"https:\/\/www.wanderbetrieb.at\/","name":"Entreprise de randonn\u00e9e r\u00e9gion de Fuschlsee","description":"","publisher":{"@id":"https:\/\/www.wanderbetrieb.at\/#organization"},"potentialAction":[{"@type":"SearchAction","target":{"@type":"EntryPoint","urlTemplate":"https:\/\/www.wanderbetrieb.at\/?s={search_term_string}"},"query-input":{"@type":"PropertyValueSpecification","valueRequired":true,"valueName":"search_term_string"}}],"inLanguage":"fr-FR"},{"@type":"Organization","@id":"https:\/\/www.wanderbetrieb.at\/#organization","name":"Pension Schierl - op\u00e9ration de randonn\u00e9e dans la r\u00e9gion de Fuschlsee","url":"https:\/\/www.wanderbetrieb.at\/","logo":{"@type":"ImageObject","inLanguage":"fr-FR","@id":"https:\/\/www.wanderbetrieb.at\/#\/schema\/logo\/image\/","url":"https:\/\/www.wanderbetrieb.at\/wp-content\/uploads\/2022\/05\/wanderbetrieb-premium.png","contentUrl":"https:\/\/www.wanderbetrieb.at\/wp-content\/uploads\/2022\/05\/wanderbetrieb-premium.png","width":126,"height":136,"caption":"Pension Schierl - Wanderbetrieb in der Fuschlseeregion"},"image":{"@id":"https:\/\/www.wanderbetrieb.at\/#\/schema\/logo\/image\/"}}]}},"_links":{"self":[{"href":"https:\/\/www.wanderbetrieb.at\/fr\/wp-json\/wp\/v2\/pages\/2588","targetHints":{"allow":["GET"]}}],"collection":[{"href":"https:\/\/www.wanderbetrieb.at\/fr\/wp-json\/wp\/v2\/pages"}],"about":[{"href":"https:\/\/www.wanderbetrieb.at\/fr\/wp-json\/wp\/v2\/types\/page"}],"author":[{"embeddable":true,"href":"https:\/\/www.wanderbetrieb.at\/fr\/wp-json\/wp\/v2\/users\/1"}],"replies":[{"embeddable":true,"href":"https:\/\/www.wanderbetrieb.at\/fr\/wp-json\/wp\/v2\/comments?post=2588"}],"version-history":[{"count":20,"href":"https:\/\/www.wanderbetrieb.at\/fr\/wp-json\/wp\/v2\/pages\/2588\/revisions"}],"predecessor-version":[{"id":2798,"href":"https:\/\/www.wanderbetrieb.at\/fr\/wp-json\/wp\/v2\/pages\/2588\/revisions\/2798"}],"wp:attachment":[{"href":"https:\/\/www.wanderbetrieb.at\/fr\/wp-json\/wp\/v2\/media?parent=2588"}],"curies":[{"name":"wp","href":"https:\/\/api.w.org\/{rel}","templated":true}]}}