{"id":2588,"date":"2022-06-16T10:48:54","date_gmt":"2022-06-16T08:48:54","guid":{"rendered":"https:\/\/www.wanderbetrieb.at\/terms\/"},"modified":"2022-06-18T12:54:37","modified_gmt":"2022-06-18T10:54:37","slug":"condizioni-generali-di-contratto","status":"publish","type":"page","link":"https:\/\/www.wanderbetrieb.at\/it\/allgemeine-geschaftsbedingungen\/","title":{"rendered":"Condizioni generali di contratto"},"content":{"rendered":"<div data-elementor-type=\"wp-page\" data-elementor-id=\"2588\" class=\"elementor elementor-2588\" data-elementor-post-type=\"page\">\n\t\t\t\t\t\t<section class=\"elementor-section elementor-top-section elementor-element elementor-element-149b314 elementor-section-boxed elementor-section-height-default elementor-section-height-default\" data-id=\"149b314\" data-element_type=\"section\" data-e-type=\"section\">\n\t\t\t\t\t\t<div class=\"elementor-container elementor-column-gap-default\">\n\t\t\t\t\t<div class=\"elementor-column elementor-col-100 elementor-top-column elementor-element elementor-element-dc6d380\" data-id=\"dc6d380\" data-element_type=\"column\" data-e-type=\"column\">\n\t\t\t<div class=\"elementor-widget-wrap elementor-element-populated\">\n\t\t\t\t\t\t<div class=\"elementor-element elementor-element-d9d691b elementor-widget elementor-widget-heading\" data-id=\"d9d691b\" data-element_type=\"widget\" data-e-type=\"widget\" data-widget_type=\"heading.default\">\n\t\t\t\t<div class=\"elementor-widget-container\">\n\t\t\t\t\t<h1 class=\"elementor-heading-title elementor-size-default\">Condizioni generali di contratto<\/h1>\t\t\t\t<\/div>\n\t\t\t\t<\/div>\n\t\t\t\t<div class=\"elementor-element elementor-element-96fe2af elementor-widget elementor-widget-text-editor\" data-id=\"96fe2af\" data-element_type=\"widget\" data-e-type=\"widget\" data-widget_type=\"text-editor.default\">\n\t\t\t\t<div class=\"elementor-widget-container\">\n\t\t\t\t\t\t\t\t\t<h3 class=\"fusion-responsive-typography-calculated\" data-fontsize=\"32\" data-lineheight=\"41.6px\">\u00a7 1 Ambito di applicazione, definizioni<\/h3><p>(1) Nicole Winkler<br \/>Sede dell&#039;azienda: Dorfstrasse 3, 5324 Faistenau, Salisburgo \u2013 Austria<\/p><p>(di seguito denominata &quot;noi&quot; o &quot;Nicole Winkler&quot;) opera tramite il sito web <a href=\"https:\/\/www.wanderbetrieb.at\/it\/\">https:\/\/www.wanderbetrieb.at\/<\/a>\/ un negozio online di prodotti. Le seguenti condizioni generali si applicano a tutti i servizi tra noi e i nostri clienti (di seguito: &quot;cliente&quot; o &quot;voi&quot;) nella versione valida al momento dell&#039;ordine, salvo diverso accordo esplicito.<\/p><p>(2) Ai fini delle presenti condizioni generali, per \u201econsumatore\u201c si intende qualsiasi persona fisica che conclude un negozio giuridico per scopi che non sono prevalentemente riconducibili alla sua attivit\u00e0 commerciale o professionale indipendente. Per \u201eimprenditore\u201c si intende una persona fisica o giuridica o una societ\u00e0 di persone dotata di capacit\u00e0 giuridica che, concludendo un negozio giuridico, agisce nell\u2019esercizio della propria attivit\u00e0 commerciale o professionale indipendente, intendendosi per societ\u00e0 di persone una societ\u00e0 di persone dotata di capacit\u00e0 giuridica che ha la capacit\u00e0 di acquisire diritti e assumere obbligazioni.<\/p><h3 class=\"fusion-responsive-typography-calculated\" data-fontsize=\"32\" data-lineheight=\"41.6px\">\u00a7 2 Formazione dei contratti, conservazione del testo del contratto<\/h3><p>(1) Le seguenti disposizioni relative alla conclusione dei contratti si applicano agli ordini effettuati tramite il nostro negozio online all&#039;indirizzo <a href=\"https:\/\/www.wanderbetrieb.at\/it\/\">https:\/\/www.wanderbetrieb.at\/<\/a><\/p><p>(2) Le nostre presentazioni dei prodotti su Internet non sono vincolanti e non costituiscono un&#039;offerta vincolante per la conclusione di un contratto.<\/p><p>(3) Al ricevimento di un ordine nel nostro negozio online, si applicano le seguenti disposizioni: Il cliente presenta un&#039;offerta vincolante per la conclusione di un contratto completando con successo la procedura d&#039;ordine prevista nel nostro negozio online. L&#039;ordine viene effettuato nei seguenti passaggi:<\/p><ol><li>Selezione dei beni desiderati,<\/li><li>Aggiungendo i prodotti facendo clic sul pulsante corrispondente (ad esempio &quot;Aggiungi al carrello&quot;, &quot;Aggiungi alla borsa&quot; o simili),<\/li><li>Revisione delle informazioni nel carrello,<\/li><li>Accedi al riepilogo dell&#039;ordine cliccando sul pulsante corrispondente (ad esempio, &quot;Procedi al pagamento&quot;, &quot;Visualizza riepilogo ordine&quot;, ecc.).,<\/li><li>Inserimento\/verifica dell&#039;indirizzo e dei dati di contatto, selezione del metodo di pagamento, conferma dei termini e delle condizioni e della politica di cancellazione,<\/li><li>Completa l&#039;ordine cliccando sul pulsante &quot;Acquista ora&quot;. Questo costituisce il tuo ordine vincolante.<\/li><li>Il contratto si considera concluso quando riceverete da parte nostra una conferma d&#039;ordine entro tre giorni lavorativi all&#039;indirizzo email specificato.<\/li><\/ol><p>(4) In caso di conclusione di un contratto, il contratto sar\u00e0 stipulato con Nicole Winkler, sede legale: Dorfstrasse 3, 5324 Faistenau, Salisburgo \u2013 Austria.<\/p><p>(5) Prima di effettuare l&#039;ordine, \u00e8 possibile stampare o salvare i dettagli del contratto in formato elettronico utilizzando la funzione di stampa del browser. L&#039;elaborazione dell&#039;ordine e la trasmissione di tutte le informazioni necessarie in relazione alla conclusione del contratto, in particolare i dettagli dell&#039;ordine, i termini e le condizioni e la politica di cancellazione, avverranno tramite e-mail dopo l&#039;invio dell&#039;ordine, in parte automaticamente. Non conserviamo il testo del contratto dopo la sua conclusione.<\/p><p>(6) Gli errori di input possono essere corretti utilizzando le normali funzioni della tastiera, del mouse e del browser (ad esempio, il pulsante &quot;indietro&quot; del browser). Possono anche essere corretti annullando prematuramente il processo d&#039;ordine, chiudendo la finestra del browser e ripetendo il processo.<\/p><p>(7) L&#039;elaborazione dell&#039;ordine e la trasmissione di tutte le informazioni necessarie in relazione alla conclusione del contratto avvengono in parte automaticamente tramite posta elettronica. Pertanto, \u00e8 necessario assicurarsi che l&#039;indirizzo e-mail fornito sia corretto, che la ricezione delle e-mail sia tecnicamente garantita e, in particolare, che non venga bloccata dai filtri antispam.<\/p><h3 class=\"fusion-responsive-typography-calculated\" data-fontsize=\"32\" data-lineheight=\"41.6px\">\u00a7 3 Oggetto del contratto e caratteristiche essenziali dei prodotti<\/h3><p>(1) Nel nostro negozio online, l&#039;oggetto del contratto \u00e8:<\/p><ol><li>Vendita di prodotti. Puoi trovare i prodotti specifici offerti nelle nostre pagine prodotto.<\/li><\/ol><p>(2) Le caratteristiche principali della merce si trovano nella descrizione dell&#039;oggetto.<\/p><h3 class=\"fusion-responsive-typography-calculated\" data-fontsize=\"32\" data-lineheight=\"41.6px\">\u00a7 4 Prezzi, costi di spedizione e consegna<\/h3><p>(1) I prezzi indicati nelle rispettive offerte, cos\u00ec come le spese di spedizione, sono prezzi totali e includono tutte le componenti di prezzo, comprese tutte le tasse applicabili.<\/p><p>(2) Il prezzo di acquisto \u00e8 pagabile in anticipo rispetto alla consegna del prodotto, salvo che non sia espressamente previsto il pagamento tramite fattura. I metodi di pagamento a vostra disposizione sono visualizzati sotto un pulsante con l&#039;apposita etichetta nel negozio online o nella rispettiva offerta. Salvo diversa indicazione per i singoli metodi di pagamento, il pagamento \u00e8 dovuto immediatamente.<\/p><p>(3) Oltre ai prezzi indicati, per la consegna dei prodotti potrebbero essere applicati costi di spedizione, a meno che l&#039;articolo in questione non sia contrassegnato come spedizione gratuita. I costi di spedizione saranno chiaramente indicati nuovamente nelle offerte, nel carrello (se presente) e nel riepilogo dell&#039;ordine.<\/p><p>(4) Salvo diversa indicazione esplicita nella descrizione del prodotto, tutti i prodotti offerti sono pronti per la spedizione immediata (tempi di consegna: 3-4 giorni lavorativi dopo la ricezione del pagamento o dopo la ricezione dell&#039;ordine in caso di acquisto con addebito).<\/p><p>(5) Si applicano le seguenti restrizioni relative all&#039;area di consegna: La consegna viene effettuata nei seguenti paesi: Austria.<\/p><h3 class=\"fusion-responsive-typography-calculated\" data-fontsize=\"32\" data-lineheight=\"41.6px\">\u00a7 5 Diritto di ritenzione, riserva di propriet\u00e0<\/h3><p>(1) Puoi esercitare il diritto di ritenzione soltanto nella misura in cui si riferisce a crediti derivanti dallo stesso rapporto contrattuale.<\/p><p>(2) La merce rester\u00e0 di nostra propriet\u00e0 fino al completo pagamento del prezzo di acquisto.<\/p><h3 class=\"fusion-responsive-typography-calculated\" data-fontsize=\"32\" data-lineheight=\"41.6px\">\u00a7 6 Diritto di recesso<\/h3><p>Come consumatore, hai il diritto di recesso. Questo dipende dal nostro\u00a0<a href=\"https:\/\/www.wanderbetrieb.at\/it\/revoca\/\">Diritto di recesso<\/a>.<\/p><h3 class=\"fusion-responsive-typography-calculated\" data-fontsize=\"32\" data-lineheight=\"41.6px\">\u00a7 7 Responsabilit\u00e0<\/h3><p>(1) Fatte salve le seguenti eccezioni, la nostra responsabilit\u00e0 per violazioni degli obblighi contrattuali e per atti illeciti \u00e8 limitata al dolo o alla colpa grave.<\/p><p>(2) Saremo responsabili senza limitazioni per colpa lieve in caso di lesioni alla vita, al corpo o alla salute, o in caso di violazione di un obbligo contrattuale fondamentale. Se siamo inadempienti a causa di colpa lieve, se l&#039;adempimento \u00e8 divenuto impossibile, o se abbiamo violato un obbligo contrattuale fondamentale, la nostra responsabilit\u00e0 per i danni materiali e le perdite finanziarie risultanti sar\u00e0 limitata a\u00a0<strong>danno contrattualmente prevedibile<\/strong>\u00a0limitato. Un obbligo contrattuale fondamentale \u00e8 quello il cui adempimento \u00e8 essenziale per la corretta esecuzione del contratto, la cui violazione compromette il raggiungimento dello scopo del contratto e sul cui rispetto l&#039;utente pu\u00f2 fare regolarmente affidamento. Ci\u00f2 include, in particolare, il nostro obbligo di agire e di eseguire il servizio contrattualmente dovuto, come descritto nella Sezione 3.<\/p><h3 class=\"fusion-responsive-typography-calculated\" data-fontsize=\"32\" data-lineheight=\"41.6px\">\u00a7 8 Linguaggio contrattuale<\/h3><p>L&#039;unica lingua disponibile per il contratto \u00e8 il tedesco.<\/p><h3 class=\"fusion-responsive-typography-calculated\" data-fontsize=\"32\" data-lineheight=\"41.6px\">\u00a7 9 Garanzia\/Servizio clienti<\/h3><p>(1) La garanzia \u00e8 disciplinata dalle disposizioni di legge.<\/p><p>(2) Il periodo di garanzia per i beni consegnati agli imprenditori \u00e8 di 12 mesi.<\/p><p>(3) In qualit\u00e0 di consumatore, sei tenuto a ispezionare i beni\/contenuti digitali o il servizio fornito immediatamente dopo la consegna per verificarne la completezza, eventuali difetti evidenti e danni da trasporto, e a notificare a noi e al vettore qualsiasi reclamo il prima possibile. La mancata osservanza di tale obbligo non pregiudicher\u00e0, ovviamente, i tuoi diritti di garanzia previsti dalla legge.<\/p><p>(4) Il nostro servizio clienti \u00e8 disponibile per domande, reclami e lamentele telefonicamente al numero +43 6228 2224 o via e-mail: office@wanderbetrieb.at dalle 09:00 alle 12:00 dal luned\u00ec al venerd\u00ec.<\/p><h3 class=\"fusion-responsive-typography-calculated\" data-fontsize=\"32\" data-lineheight=\"41.6px\">\u00a7 10 Disposizioni finali<\/h3><p>(1) Si applica il diritto austriaco. Nel caso dei consumatori, tale scelta di legge si applica solo nella misura in cui non li privi della protezione garantita dalle disposizioni imperative della legge dello Stato in cui hanno la loro residenza abituale (principio della legge pi\u00f9 favorevole).<\/p><p>(2) Le disposizioni della Convenzione delle Nazioni Unite sui contratti di vendita internazionale di beni (CISG) non si applicano espressamente.<\/p><p>(3) Se il cliente \u00e8 un commerciante, una persona giuridica di diritto pubblico o un fondo speciale di diritto pubblico, il foro competente per tutte le controversie derivanti dai rapporti contrattuali tra il cliente e il fornitore \u00e8 la sede legale del fornitore.<\/p>\t\t\t\t\t\t\t\t<\/div>\n\t\t\t\t<\/div>\n\t\t\t\t\t<\/div>\n\t\t<\/div>\n\t\t\t\t\t<\/div>\n\t\t<\/section>\n\t\t\t\t<\/div>\n\t\t<div id=\"masterqrPost\" style=\"text-align:left\"><\/div><div class =\"mqrbtnalign\" style=\"    display: flex;justify-content:left\"><div style=\"width:254px;display:flex;align-items: center;justify-content: center;font-size: small\"><a id=\"downloadbuton2\" download=\"Allgemeine Gesch\u00e4ftsbedingungen.png\" class=\"btn_fromt_canvas\" style=\"color:#fff;background:#16601a;\">Scarica QR\n                <\/a><a id=\"printButtoncont\" style=\"margin-left:10px;color:#fff;background:#e53463\";>Stampa QR<\/a>\n                <div><\/div><script>function masterqrCurrentPAge(){new QRCode(document.getElementById(\"masterqrPost\"),{text: \"https:\/\/www.wanderbetrieb.at\/it\/wp-json\/wp\/v2\/pages\/2588\", width: 254, height: 254, colorDark: \"#000000\", colorLight:\"#fff\", PI: \"#000000\", PO: \"#000000\", AI: \"#000000\", AO: \"#000000\", PI_TL: \"#000000\", PO_TL: \"#000000\", logo: \"\", logoWidth: 55, logoHeight: 55, logoBackgroundTransparent: true, backgroundImage: \"\", dotScale: \"0.6\", timing: \"#000000\", timing_V: \"#000000\", backgroundImageAlpha: \"0.3\",});}masterqrCurrentPAge(); <\/script>","protected":false},"excerpt":{"rendered":"<p>\u00a7 1 Geltung, Begriffsdefinitionen (1) Nicole WinklerFirmensitz: Dorfstrasse 3, 5324 Faistenau, Salzburg \u2013 \u00d6sterreich (im Folgenden: \u201ewir\u201c oder \u201eNicole Winkler\u201c) betreibt unter der Webseite https:\/\/www.wanderbetrieb.at\/\/ einen Online-Shop f\u00fcr Waren. Die nachfolgenden allgemeinen Gesch\u00e4ftsbedingungen gelten f\u00fcr alle Leistungen zwischen uns und unseren Kunden (im Folgenden: \u201eKunde\u201c oder \u201eSie\u201c) in ihrer zum Zeitpunkt der Bestellung g\u00fcltigen Fassung, [&hellip;]<\/p>\n","protected":false},"author":1,"featured_media":0,"parent":0,"menu_order":0,"comment_status":"closed","ping_status":"closed","template":"","meta":{"site-sidebar-layout":"no-sidebar","site-content-layout":"page-builder","ast-site-content-layout":"default","site-content-style":"default","site-sidebar-style":"default","ast-global-header-display":"","ast-banner-title-visibility":"","ast-main-header-display":"","ast-hfb-above-header-display":"","ast-hfb-below-header-display":"","ast-hfb-mobile-header-display":"","site-post-title":"disabled","ast-breadcrumbs-content":"","ast-featured-img":"disabled","footer-sml-layout":"","ast-disable-related-posts":"","theme-transparent-header-meta":"default","adv-header-id-meta":"","stick-header-meta":"","header-above-stick-meta":"","header-main-stick-meta":"","header-below-stick-meta":"","astra-migrate-meta-layouts":"default","ast-page-background-enabled":"default","ast-page-background-meta":{"desktop":{"background-color":"var(--ast-global-color-4)","background-image":"","background-repeat":"repeat","background-position":"center center","background-size":"auto","background-attachment":"scroll","background-type":"","background-media":"","overlay-type":"","overlay-color":"","overlay-opacity":"","overlay-gradient":""},"tablet":{"background-color":"","background-image":"","background-repeat":"repeat","background-position":"center center","background-size":"auto","background-attachment":"scroll","background-type":"","background-media":"","overlay-type":"","overlay-color":"","overlay-opacity":"","overlay-gradient":""},"mobile":{"background-color":"","background-image":"","background-repeat":"repeat","background-position":"center center","background-size":"auto","background-attachment":"scroll","background-type":"","background-media":"","overlay-type":"","overlay-color":"","overlay-opacity":"","overlay-gradient":""}},"ast-content-background-meta":{"desktop":{"background-color":"var(--ast-global-color-5)","background-image":"","background-repeat":"repeat","background-position":"center center","background-size":"auto","background-attachment":"scroll","background-type":"","background-media":"","overlay-type":"","overlay-color":"","overlay-opacity":"","overlay-gradient":""},"tablet":{"background-color":"var(--ast-global-color-5)","background-image":"","background-repeat":"repeat","background-position":"center center","background-size":"auto","background-attachment":"scroll","background-type":"","background-media":"","overlay-type":"","overlay-color":"","overlay-opacity":"","overlay-gradient":""},"mobile":{"background-color":"var(--ast-global-color-5)","background-image":"","background-repeat":"repeat","background-position":"center center","background-size":"auto","background-attachment":"scroll","background-type":"","background-media":"","overlay-type":"","overlay-color":"","overlay-opacity":"","overlay-gradient":""}},"footnotes":""},"class_list":["post-2588","page","type-page","status-publish","hentry"],"yoast_head":"<!-- This site is optimized with the Yoast SEO plugin v27.3 - https:\/\/yoast.com\/product\/yoast-seo-wordpress\/ -->\n<title>Allgemeine Gesch\u00e4ftsbedingungen - Wanderbetrieb Fuschlseeregion<\/title>\n<meta name=\"robots\" content=\"index, follow, max-snippet:-1, max-image-preview:large, max-video-preview:-1\" \/>\n<link rel=\"canonical\" href=\"https:\/\/www.wanderbetrieb.at\/it\/condizioni-generali-di-contratto\/\" \/>\n<meta property=\"og:locale\" content=\"it_IT\" \/>\n<meta property=\"og:type\" content=\"article\" \/>\n<meta property=\"og:title\" content=\"Allgemeine Gesch\u00e4ftsbedingungen - Wanderbetrieb Fuschlseeregion\" \/>\n<meta property=\"og:description\" content=\"\u00a7 1 Geltung, Begriffsdefinitionen (1) Nicole WinklerFirmensitz: Dorfstrasse 3, 5324 Faistenau, Salzburg \u2013 \u00d6sterreich (im Folgenden: \u201ewir\u201c oder \u201eNicole Winkler\u201c) betreibt unter der Webseite https:\/\/www.wanderbetrieb.at\/\/ einen Online-Shop f\u00fcr Waren. Die nachfolgenden allgemeinen Gesch\u00e4ftsbedingungen gelten f\u00fcr alle Leistungen zwischen uns und unseren Kunden (im Folgenden: \u201eKunde\u201c oder \u201eSie\u201c) in ihrer zum Zeitpunkt der Bestellung g\u00fcltigen Fassung, [&hellip;]\" \/>\n<meta property=\"og:url\" content=\"https:\/\/www.wanderbetrieb.at\/it\/condizioni-generali-di-contratto\/\" \/>\n<meta property=\"og:site_name\" content=\"Wanderbetrieb Fuschlseeregion\" \/>\n<meta property=\"article:modified_time\" content=\"2022-06-18T10:54:37+00:00\" \/>\n<meta name=\"twitter:card\" content=\"summary_large_image\" \/>\n<meta name=\"twitter:label1\" content=\"Tempo di lettura stimato\" \/>\n\t<meta name=\"twitter:data1\" content=\"6 minuti\" \/>\n<script type=\"application\/ld+json\" class=\"yoast-schema-graph\">{\"@context\":\"https:\\\/\\\/schema.org\",\"@graph\":[{\"@type\":\"WebPage\",\"@id\":\"https:\\\/\\\/www.wanderbetrieb.at\\\/allgemeine-geschaftsbedingungen\\\/\",\"url\":\"https:\\\/\\\/www.wanderbetrieb.at\\\/allgemeine-geschaftsbedingungen\\\/\",\"name\":\"Allgemeine Gesch\u00e4ftsbedingungen - Wanderbetrieb Fuschlseeregion\",\"isPartOf\":{\"@id\":\"https:\\\/\\\/www.wanderbetrieb.at\\\/#website\"},\"datePublished\":\"2022-06-16T08:48:54+00:00\",\"dateModified\":\"2022-06-18T10:54:37+00:00\",\"breadcrumb\":{\"@id\":\"https:\\\/\\\/www.wanderbetrieb.at\\\/allgemeine-geschaftsbedingungen\\\/#breadcrumb\"},\"inLanguage\":\"it-IT\",\"potentialAction\":[{\"@type\":\"ReadAction\",\"target\":[\"https:\\\/\\\/www.wanderbetrieb.at\\\/allgemeine-geschaftsbedingungen\\\/\"]}]},{\"@type\":\"BreadcrumbList\",\"@id\":\"https:\\\/\\\/www.wanderbetrieb.at\\\/allgemeine-geschaftsbedingungen\\\/#breadcrumb\",\"itemListElement\":[{\"@type\":\"ListItem\",\"position\":1,\"name\":\"Startseite\",\"item\":\"https:\\\/\\\/www.wanderbetrieb.at\\\/\"},{\"@type\":\"ListItem\",\"position\":2,\"name\":\"Allgemeine Gesch\u00e4ftsbedingungen\"}]},{\"@type\":\"WebSite\",\"@id\":\"https:\\\/\\\/www.wanderbetrieb.at\\\/#website\",\"url\":\"https:\\\/\\\/www.wanderbetrieb.at\\\/\",\"name\":\"Wanderbetrieb Fuschlseeregion\",\"description\":\"\",\"publisher\":{\"@id\":\"https:\\\/\\\/www.wanderbetrieb.at\\\/#organization\"},\"potentialAction\":[{\"@type\":\"SearchAction\",\"target\":{\"@type\":\"EntryPoint\",\"urlTemplate\":\"https:\\\/\\\/www.wanderbetrieb.at\\\/?s={search_term_string}\"},\"query-input\":{\"@type\":\"PropertyValueSpecification\",\"valueRequired\":true,\"valueName\":\"search_term_string\"}}],\"inLanguage\":\"it-IT\"},{\"@type\":\"Organization\",\"@id\":\"https:\\\/\\\/www.wanderbetrieb.at\\\/#organization\",\"name\":\"Pension Schierl - Wanderbetrieb in der Fuschlseeregion\",\"url\":\"https:\\\/\\\/www.wanderbetrieb.at\\\/\",\"logo\":{\"@type\":\"ImageObject\",\"inLanguage\":\"it-IT\",\"@id\":\"https:\\\/\\\/www.wanderbetrieb.at\\\/#\\\/schema\\\/logo\\\/image\\\/\",\"url\":\"https:\\\/\\\/www.wanderbetrieb.at\\\/wp-content\\\/uploads\\\/2022\\\/05\\\/wanderbetrieb-premium.png\",\"contentUrl\":\"https:\\\/\\\/www.wanderbetrieb.at\\\/wp-content\\\/uploads\\\/2022\\\/05\\\/wanderbetrieb-premium.png\",\"width\":126,\"height\":136,\"caption\":\"Pension Schierl - Wanderbetrieb in der Fuschlseeregion\"},\"image\":{\"@id\":\"https:\\\/\\\/www.wanderbetrieb.at\\\/#\\\/schema\\\/logo\\\/image\\\/\"}}]}<\/script>\n<!-- \/ Yoast SEO plugin. -->","yoast_head_json":{"title":"Condizioni generali di contratto - Azienda escursionistica Fuschlseeregion","robots":{"index":"index","follow":"follow","max-snippet":"max-snippet:-1","max-image-preview":"max-image-preview:large","max-video-preview":"max-video-preview:-1"},"canonical":"https:\/\/www.wanderbetrieb.at\/it\/condizioni-generali-di-contratto\/","og_locale":"it_IT","og_type":"article","og_title":"Allgemeine Gesch\u00e4ftsbedingungen - Wanderbetrieb Fuschlseeregion","og_description":"\u00a7 1 Geltung, Begriffsdefinitionen (1) Nicole WinklerFirmensitz: Dorfstrasse 3, 5324 Faistenau, Salzburg \u2013 \u00d6sterreich (im Folgenden: \u201ewir\u201c oder \u201eNicole Winkler\u201c) betreibt unter der Webseite https:\/\/www.wanderbetrieb.at\/\/ einen Online-Shop f\u00fcr Waren. Die nachfolgenden allgemeinen Gesch\u00e4ftsbedingungen gelten f\u00fcr alle Leistungen zwischen uns und unseren Kunden (im Folgenden: \u201eKunde\u201c oder \u201eSie\u201c) in ihrer zum Zeitpunkt der Bestellung g\u00fcltigen Fassung, [&hellip;]","og_url":"https:\/\/www.wanderbetrieb.at\/it\/condizioni-generali-di-contratto\/","og_site_name":"Wanderbetrieb Fuschlseeregion","article_modified_time":"2022-06-18T10:54:37+00:00","twitter_card":"summary_large_image","twitter_misc":{"Tempo di lettura stimato":"6 minuti"},"schema":{"@context":"https:\/\/schema.org","@graph":[{"@type":"WebPage","@id":"https:\/\/www.wanderbetrieb.at\/allgemeine-geschaftsbedingungen\/","url":"https:\/\/www.wanderbetrieb.at\/allgemeine-geschaftsbedingungen\/","name":"Condizioni generali di contratto - Azienda escursionistica Fuschlseeregion","isPartOf":{"@id":"https:\/\/www.wanderbetrieb.at\/#website"},"datePublished":"2022-06-16T08:48:54+00:00","dateModified":"2022-06-18T10:54:37+00:00","breadcrumb":{"@id":"https:\/\/www.wanderbetrieb.at\/allgemeine-geschaftsbedingungen\/#breadcrumb"},"inLanguage":"it-IT","potentialAction":[{"@type":"ReadAction","target":["https:\/\/www.wanderbetrieb.at\/allgemeine-geschaftsbedingungen\/"]}]},{"@type":"BreadcrumbList","@id":"https:\/\/www.wanderbetrieb.at\/allgemeine-geschaftsbedingungen\/#breadcrumb","itemListElement":[{"@type":"ListItem","position":1,"name":"Startseite","item":"https:\/\/www.wanderbetrieb.at\/"},{"@type":"ListItem","position":2,"name":"Allgemeine Gesch\u00e4ftsbedingungen"}]},{"@type":"WebSite","@id":"https:\/\/www.wanderbetrieb.at\/#website","url":"https:\/\/www.wanderbetrieb.at\/","name":"Azienda escursionistica regione Fuschlsee","description":"","publisher":{"@id":"https:\/\/www.wanderbetrieb.at\/#organization"},"potentialAction":[{"@type":"SearchAction","target":{"@type":"EntryPoint","urlTemplate":"https:\/\/www.wanderbetrieb.at\/?s={search_term_string}"},"query-input":{"@type":"PropertyValueSpecification","valueRequired":true,"valueName":"search_term_string"}}],"inLanguage":"it-IT"},{"@type":"Organization","@id":"https:\/\/www.wanderbetrieb.at\/#organization","name":"Pension Schierl - operazione escursionistica nella regione del Fuschlsee","url":"https:\/\/www.wanderbetrieb.at\/","logo":{"@type":"ImageObject","inLanguage":"it-IT","@id":"https:\/\/www.wanderbetrieb.at\/#\/schema\/logo\/image\/","url":"https:\/\/www.wanderbetrieb.at\/wp-content\/uploads\/2022\/05\/wanderbetrieb-premium.png","contentUrl":"https:\/\/www.wanderbetrieb.at\/wp-content\/uploads\/2022\/05\/wanderbetrieb-premium.png","width":126,"height":136,"caption":"Pension Schierl - Wanderbetrieb in der Fuschlseeregion"},"image":{"@id":"https:\/\/www.wanderbetrieb.at\/#\/schema\/logo\/image\/"}}]}},"_links":{"self":[{"href":"https:\/\/www.wanderbetrieb.at\/it\/wp-json\/wp\/v2\/pages\/2588","targetHints":{"allow":["GET"]}}],"collection":[{"href":"https:\/\/www.wanderbetrieb.at\/it\/wp-json\/wp\/v2\/pages"}],"about":[{"href":"https:\/\/www.wanderbetrieb.at\/it\/wp-json\/wp\/v2\/types\/page"}],"author":[{"embeddable":true,"href":"https:\/\/www.wanderbetrieb.at\/it\/wp-json\/wp\/v2\/users\/1"}],"replies":[{"embeddable":true,"href":"https:\/\/www.wanderbetrieb.at\/it\/wp-json\/wp\/v2\/comments?post=2588"}],"version-history":[{"count":20,"href":"https:\/\/www.wanderbetrieb.at\/it\/wp-json\/wp\/v2\/pages\/2588\/revisions"}],"predecessor-version":[{"id":2798,"href":"https:\/\/www.wanderbetrieb.at\/it\/wp-json\/wp\/v2\/pages\/2588\/revisions\/2798"}],"wp:attachment":[{"href":"https:\/\/www.wanderbetrieb.at\/it\/wp-json\/wp\/v2\/media?parent=2588"}],"curies":[{"name":"wp","href":"https:\/\/api.w.org\/{rel}","templated":true}]}}