{"id":2640,"date":"2022-06-16T12:51:21","date_gmt":"2022-06-16T10:51:21","guid":{"rendered":"https:\/\/www.wanderbetrieb.at\/?post_type=product&#038;p=2640"},"modified":"2022-06-25T12:30:21","modified_gmt":"2022-06-25T10:30:21","slug":"olio-di-semi-di-zucca-premium","status":"publish","type":"product","link":"https:\/\/www.wanderbetrieb.at\/it\/ole\/kurbiskernol-premium\/","title":{"rendered":"Olio di semi di zucca Premium"},"content":{"rendered":"<p>Olio di semi di zucca stiriano 100 %, prima spremitura, non filtrato, prodotto secondo la tradizione, naturale.<br \/>\nQuesta squisita specialit\u00e0, ricavata dai semi di zucca oleifera della Stiria, privi di guscio e di colore verde scuro, si caratterizza per i suoi delicati aromi tostati di nocciola e per il suo colore verde intenso.<br \/>\nIl nostro olio di semi di zucca \u00e8 prodotto da <em><strong>di Claudia<\/strong> <strong>genitori<\/strong> <\/em>in Stiria, piantato, curato e raccolto. <em><strong>Claudia<\/strong> <\/em>Spremiamo i semi secondo antiche tradizioni e ne ricaviamo l&#039;olio esclusivamente per noi. L&#039;olio di semi di zucca non \u00e8 diluito. 100% Zucca in bottiglia!<br \/>\nIdeale per insalate fresche, salse e come tocco finale per diverse pietanze. Non riscaldare.<\/p>\n<div id=\"masterqrPost\" style=\"text-align:left\"><\/div><div class =\"mqrbtnalign\" style=\"    display: flex;justify-content:left\"><div style=\"width:254px;display:flex;align-items: center;justify-content: center;font-size: small\"><a id=\"downloadbuton2\" download=\"K\u00fcrbiskern\u00f6l Premium.png\" class=\"btn_fromt_canvas\" style=\"color:#fff;background:#16601a;\">Scarica QR\n                <\/a><a id=\"printButtoncont\" style=\"margin-left:10px;color:#fff;background:#e53463\";>Stampa QR<\/a>\n                <div><\/div><script>function masterqrCurrentPAge(){new QRCode(document.getElementById(\"masterqrPost\"),{text: \"https:\/\/www.wanderbetrieb.at\/it\/wp-json\/wp\/v2\/product\/2640\", width: 254, height: 254, colorDark: \"#000000\", colorLight:\"#fff\", PI: \"#000000\", PO: \"#000000\", AI: \"#000000\", AO: \"#000000\", PI_TL: \"#000000\", PO_TL: \"#000000\", logo: \"\", logoWidth: 55, logoHeight: 55, logoBackgroundTransparent: true, backgroundImage: \"\", dotScale: \"0.6\", timing: \"#000000\", timing_V: \"#000000\", backgroundImageAlpha: \"0.3\",});}masterqrCurrentPAge(); <\/script>","protected":false},"excerpt":{"rendered":"<p>Olio di semi di zucca stiriano 100 %, prima spremitura, non filtrato, prodotto secondo la tradizione, naturale.<\/p>","protected":false},"featured_media":2844,"comment_status":"open","ping_status":"closed","template":"","meta":{"site-sidebar-layout":"no-sidebar","site-content-layout":"default","ast-site-content-layout":"default","site-content-style":"default","site-sidebar-style":"default","ast-global-header-display":"","ast-banner-title-visibility":"","ast-main-header-display":"","ast-hfb-above-header-display":"","ast-hfb-below-header-display":"","ast-hfb-mobile-header-display":"","site-post-title":"","ast-breadcrumbs-content":"","ast-featured-img":"","footer-sml-layout":"","ast-disable-related-posts":"","theme-transparent-header-meta":"default","adv-header-id-meta":"","stick-header-meta":"","header-above-stick-meta":"","header-main-stick-meta":"","header-below-stick-meta":"","astra-migrate-meta-layouts":"default","ast-page-background-enabled":"default","ast-page-background-meta":{"desktop":{"background-color":"var(--ast-global-color-4)","background-image":"","background-repeat":"repeat","background-position":"center center","background-size":"auto","background-attachment":"scroll","background-type":"","background-media":"","overlay-type":"","overlay-color":"","overlay-opacity":"","overlay-gradient":""},"tablet":{"background-color":"","background-image":"","background-repeat":"repeat","background-position":"center center","background-size":"auto","background-attachment":"scroll","background-type":"","background-media":"","overlay-type":"","overlay-color":"","overlay-opacity":"","overlay-gradient":""},"mobile":{"background-color":"","background-image":"","background-repeat":"repeat","background-position":"center center","background-size":"auto","background-attachment":"scroll","background-type":"","background-media":"","overlay-type":"","overlay-color":"","overlay-opacity":"","overlay-gradient":""}},"ast-content-background-meta":{"desktop":{"background-color":"var(--ast-global-color-5)","background-image":"","background-repeat":"repeat","background-position":"center center","background-size":"auto","background-attachment":"scroll","background-type":"","background-media":"","overlay-type":"","overlay-color":"","overlay-opacity":"","overlay-gradient":""},"tablet":{"background-color":"var(--ast-global-color-5)","background-image":"","background-repeat":"repeat","background-position":"center center","background-size":"auto","background-attachment":"scroll","background-type":"","background-media":"","overlay-type":"","overlay-color":"","overlay-opacity":"","overlay-gradient":""},"mobile":{"background-color":"var(--ast-global-color-5)","background-image":"","background-repeat":"repeat","background-position":"center center","background-size":"auto","background-attachment":"scroll","background-type":"","background-media":"","overlay-type":"","overlay-color":"","overlay-opacity":"","overlay-gradient":""}}},"product_brand":[],"product_cat":[54],"product_tag":[],"class_list":{"0":"post-2640","1":"product","2":"type-product","3":"status-publish","4":"has-post-thumbnail","6":"product_cat-ole","7":"desktop-align-center","8":"tablet-align-center","9":"mobile-align-center","10":"ast-product-gallery-layout-horizontal-slider","11":"ast-product-gallery-with-no-image","12":"ast-magnify-disabled","13":"ast-product-tabs-layout-horizontal","15":"first","16":"instock","17":"purchasable","18":"product-type-simple"},"yoast_head":"<!-- This site is optimized with the Yoast SEO plugin v27.4 - https:\/\/yoast.com\/product\/yoast-seo-wordpress\/ -->\n<title>K\u00fcrbiskern\u00f6l Premium - Wanderbetrieb Fuschlseeregion<\/title>\n<meta name=\"description\" content=\"100 % K\u00fcrbiskern\u00f6l aus der Steiermark g.g.A. aus Erstpressung, ungefiltert, traditionell hergestellt, naturbelassen.\" \/>\n<meta name=\"robots\" content=\"noindex, follow\" \/>\n<meta property=\"og:locale\" content=\"it_IT\" \/>\n<meta property=\"og:type\" content=\"article\" \/>\n<meta property=\"og:title\" content=\"K\u00fcrbiskern\u00f6l Premium - Wanderbetrieb Fuschlseeregion\" \/>\n<meta property=\"og:description\" content=\"100 % K\u00fcrbiskern\u00f6l aus der Steiermark g.g.A. aus Erstpressung, ungefiltert, traditionell hergestellt, naturbelassen.\" \/>\n<meta property=\"og:url\" content=\"https:\/\/www.wanderbetrieb.at\/it\/ole\/olio-di-semi-di-zucca-premium\/\" \/>\n<meta property=\"og:site_name\" content=\"Wanderbetrieb Fuschlseeregion\" \/>\n<meta property=\"article:modified_time\" content=\"2022-06-25T10:30:21+00:00\" \/>\n<meta property=\"og:image\" content=\"https:\/\/www.wanderbetrieb.at\/wp-content\/uploads\/2022\/06\/Wanderbetrieb-Fuschlseeregion-Kuerbiskernoel-01.jpg\" \/>\n\t<meta property=\"og:image:width\" content=\"800\" \/>\n\t<meta property=\"og:image:height\" content=\"800\" \/>\n\t<meta property=\"og:image:type\" content=\"image\/jpeg\" \/>\n<meta name=\"twitter:card\" content=\"summary_large_image\" \/>\n<meta name=\"twitter:label1\" content=\"Tempo di lettura stimato\" \/>\n\t<meta name=\"twitter:data1\" content=\"1 minuto\" \/>\n<script type=\"application\/ld+json\" class=\"yoast-schema-graph\">{\"@context\":\"https:\\\/\\\/schema.org\",\"@graph\":[{\"@type\":\"WebPage\",\"@id\":\"https:\\\/\\\/www.wanderbetrieb.at\\\/ole\\\/kurbiskernol-premium\\\/\",\"url\":\"https:\\\/\\\/www.wanderbetrieb.at\\\/ole\\\/kurbiskernol-premium\\\/\",\"name\":\"K\u00fcrbiskern\u00f6l Premium - Wanderbetrieb Fuschlseeregion\",\"isPartOf\":{\"@id\":\"https:\\\/\\\/www.wanderbetrieb.at\\\/#website\"},\"primaryImageOfPage\":{\"@id\":\"https:\\\/\\\/www.wanderbetrieb.at\\\/ole\\\/kurbiskernol-premium\\\/#primaryimage\"},\"image\":{\"@id\":\"https:\\\/\\\/www.wanderbetrieb.at\\\/ole\\\/kurbiskernol-premium\\\/#primaryimage\"},\"thumbnailUrl\":\"https:\\\/\\\/www.wanderbetrieb.at\\\/wp-content\\\/uploads\\\/2022\\\/06\\\/Wanderbetrieb-Fuschlseeregion-Kuerbiskernoel-01.jpg\",\"datePublished\":\"2022-06-16T10:51:21+00:00\",\"dateModified\":\"2022-06-25T10:30:21+00:00\",\"description\":\"100 % K\u00fcrbiskern\u00f6l aus der Steiermark g.g.A. aus Erstpressung, ungefiltert, traditionell hergestellt, naturbelassen.\",\"breadcrumb\":{\"@id\":\"https:\\\/\\\/www.wanderbetrieb.at\\\/ole\\\/kurbiskernol-premium\\\/#breadcrumb\"},\"inLanguage\":\"it-IT\",\"potentialAction\":[{\"@type\":\"ReadAction\",\"target\":[\"https:\\\/\\\/www.wanderbetrieb.at\\\/ole\\\/kurbiskernol-premium\\\/\"]}]},{\"@type\":\"ImageObject\",\"inLanguage\":\"it-IT\",\"@id\":\"https:\\\/\\\/www.wanderbetrieb.at\\\/ole\\\/kurbiskernol-premium\\\/#primaryimage\",\"url\":\"https:\\\/\\\/www.wanderbetrieb.at\\\/wp-content\\\/uploads\\\/2022\\\/06\\\/Wanderbetrieb-Fuschlseeregion-Kuerbiskernoel-01.jpg\",\"contentUrl\":\"https:\\\/\\\/www.wanderbetrieb.at\\\/wp-content\\\/uploads\\\/2022\\\/06\\\/Wanderbetrieb-Fuschlseeregion-Kuerbiskernoel-01.jpg\",\"width\":800,\"height\":800,\"caption\":\"Wanderbetrieb Fuschlseeregion K\u00fcrbiskern\u00f6l\"},{\"@type\":\"BreadcrumbList\",\"@id\":\"https:\\\/\\\/www.wanderbetrieb.at\\\/ole\\\/kurbiskernol-premium\\\/#breadcrumb\",\"itemListElement\":[{\"@type\":\"ListItem\",\"position\":1,\"name\":\"Startseite\",\"item\":\"https:\\\/\\\/www.wanderbetrieb.at\\\/\"},{\"@type\":\"ListItem\",\"position\":2,\"name\":\"Shop\",\"item\":\"https:\\\/\\\/www.wanderbetrieb.at\\\/shop\\\/\"},{\"@type\":\"ListItem\",\"position\":3,\"name\":\"K\u00fcrbiskern\u00f6l Premium\"}]},{\"@type\":\"WebSite\",\"@id\":\"https:\\\/\\\/www.wanderbetrieb.at\\\/#website\",\"url\":\"https:\\\/\\\/www.wanderbetrieb.at\\\/\",\"name\":\"Wanderbetrieb Fuschlseeregion\",\"description\":\"\",\"publisher\":{\"@id\":\"https:\\\/\\\/www.wanderbetrieb.at\\\/#organization\"},\"potentialAction\":[{\"@type\":\"SearchAction\",\"target\":{\"@type\":\"EntryPoint\",\"urlTemplate\":\"https:\\\/\\\/www.wanderbetrieb.at\\\/?s={search_term_string}\"},\"query-input\":{\"@type\":\"PropertyValueSpecification\",\"valueRequired\":true,\"valueName\":\"search_term_string\"}}],\"inLanguage\":\"it-IT\"},{\"@type\":\"Organization\",\"@id\":\"https:\\\/\\\/www.wanderbetrieb.at\\\/#organization\",\"name\":\"Pension Schierl - Wanderbetrieb in der Fuschlseeregion\",\"url\":\"https:\\\/\\\/www.wanderbetrieb.at\\\/\",\"logo\":{\"@type\":\"ImageObject\",\"inLanguage\":\"it-IT\",\"@id\":\"https:\\\/\\\/www.wanderbetrieb.at\\\/#\\\/schema\\\/logo\\\/image\\\/\",\"url\":\"https:\\\/\\\/www.wanderbetrieb.at\\\/wp-content\\\/uploads\\\/2022\\\/05\\\/wanderbetrieb-premium.png\",\"contentUrl\":\"https:\\\/\\\/www.wanderbetrieb.at\\\/wp-content\\\/uploads\\\/2022\\\/05\\\/wanderbetrieb-premium.png\",\"width\":126,\"height\":136,\"caption\":\"Pension Schierl - Wanderbetrieb in der Fuschlseeregion\"},\"image\":{\"@id\":\"https:\\\/\\\/www.wanderbetrieb.at\\\/#\\\/schema\\\/logo\\\/image\\\/\"}}]}<\/script>\n<!-- \/ Yoast SEO plugin. -->","yoast_head_json":{"title":"Premio olio di semi di zucca - azienda escursionistica regione Fuschlsee","description":"100 % Olio di semi di zucca della Stiria IGP di prima spremitura, non filtrato, di produzione tradizionale, naturale.","robots":{"index":"noindex","follow":"follow"},"og_locale":"it_IT","og_type":"article","og_title":"K\u00fcrbiskern\u00f6l Premium - Wanderbetrieb Fuschlseeregion","og_description":"100 % K\u00fcrbiskern\u00f6l aus der Steiermark g.g.A. aus Erstpressung, ungefiltert, traditionell hergestellt, naturbelassen.","og_url":"https:\/\/www.wanderbetrieb.at\/it\/ole\/olio-di-semi-di-zucca-premium\/","og_site_name":"Wanderbetrieb Fuschlseeregion","article_modified_time":"2022-06-25T10:30:21+00:00","og_image":[{"width":800,"height":800,"url":"https:\/\/www.wanderbetrieb.at\/wp-content\/uploads\/2022\/06\/Wanderbetrieb-Fuschlseeregion-Kuerbiskernoel-01.jpg","type":"image\/jpeg"}],"twitter_card":"summary_large_image","twitter_misc":{"Tempo di lettura stimato":"1 minuto"},"schema":{"@context":"https:\/\/schema.org","@graph":[{"@type":"WebPage","@id":"https:\/\/www.wanderbetrieb.at\/ole\/kurbiskernol-premium\/","url":"https:\/\/www.wanderbetrieb.at\/ole\/kurbiskernol-premium\/","name":"Premio olio di semi di zucca - azienda escursionistica regione Fuschlsee","isPartOf":{"@id":"https:\/\/www.wanderbetrieb.at\/#website"},"primaryImageOfPage":{"@id":"https:\/\/www.wanderbetrieb.at\/ole\/kurbiskernol-premium\/#primaryimage"},"image":{"@id":"https:\/\/www.wanderbetrieb.at\/ole\/kurbiskernol-premium\/#primaryimage"},"thumbnailUrl":"https:\/\/www.wanderbetrieb.at\/wp-content\/uploads\/2022\/06\/Wanderbetrieb-Fuschlseeregion-Kuerbiskernoel-01.jpg","datePublished":"2022-06-16T10:51:21+00:00","dateModified":"2022-06-25T10:30:21+00:00","description":"100 % Olio di semi di zucca della Stiria IGP di prima spremitura, non filtrato, di produzione tradizionale, naturale.","breadcrumb":{"@id":"https:\/\/www.wanderbetrieb.at\/ole\/kurbiskernol-premium\/#breadcrumb"},"inLanguage":"it-IT","potentialAction":[{"@type":"ReadAction","target":["https:\/\/www.wanderbetrieb.at\/ole\/kurbiskernol-premium\/"]}]},{"@type":"ImageObject","inLanguage":"it-IT","@id":"https:\/\/www.wanderbetrieb.at\/ole\/kurbiskernol-premium\/#primaryimage","url":"https:\/\/www.wanderbetrieb.at\/wp-content\/uploads\/2022\/06\/Wanderbetrieb-Fuschlseeregion-Kuerbiskernoel-01.jpg","contentUrl":"https:\/\/www.wanderbetrieb.at\/wp-content\/uploads\/2022\/06\/Wanderbetrieb-Fuschlseeregion-Kuerbiskernoel-01.jpg","width":800,"height":800,"caption":"Wanderbetrieb Fuschlseeregion K\u00fcrbiskern\u00f6l"},{"@type":"BreadcrumbList","@id":"https:\/\/www.wanderbetrieb.at\/ole\/kurbiskernol-premium\/#breadcrumb","itemListElement":[{"@type":"ListItem","position":1,"name":"Startseite","item":"https:\/\/www.wanderbetrieb.at\/"},{"@type":"ListItem","position":2,"name":"Shop","item":"https:\/\/www.wanderbetrieb.at\/shop\/"},{"@type":"ListItem","position":3,"name":"K\u00fcrbiskern\u00f6l Premium"}]},{"@type":"WebSite","@id":"https:\/\/www.wanderbetrieb.at\/#website","url":"https:\/\/www.wanderbetrieb.at\/","name":"Azienda escursionistica regione Fuschlsee","description":"","publisher":{"@id":"https:\/\/www.wanderbetrieb.at\/#organization"},"potentialAction":[{"@type":"SearchAction","target":{"@type":"EntryPoint","urlTemplate":"https:\/\/www.wanderbetrieb.at\/?s={search_term_string}"},"query-input":{"@type":"PropertyValueSpecification","valueRequired":true,"valueName":"search_term_string"}}],"inLanguage":"it-IT"},{"@type":"Organization","@id":"https:\/\/www.wanderbetrieb.at\/#organization","name":"Pension Schierl - operazione escursionistica nella regione del Fuschlsee","url":"https:\/\/www.wanderbetrieb.at\/","logo":{"@type":"ImageObject","inLanguage":"it-IT","@id":"https:\/\/www.wanderbetrieb.at\/#\/schema\/logo\/image\/","url":"https:\/\/www.wanderbetrieb.at\/wp-content\/uploads\/2022\/05\/wanderbetrieb-premium.png","contentUrl":"https:\/\/www.wanderbetrieb.at\/wp-content\/uploads\/2022\/05\/wanderbetrieb-premium.png","width":126,"height":136,"caption":"Pension Schierl - Wanderbetrieb in der Fuschlseeregion"},"image":{"@id":"https:\/\/www.wanderbetrieb.at\/#\/schema\/logo\/image\/"}}]}},"_links":{"self":[{"href":"https:\/\/www.wanderbetrieb.at\/it\/wp-json\/wp\/v2\/product\/2640","targetHints":{"allow":["GET"]}}],"collection":[{"href":"https:\/\/www.wanderbetrieb.at\/it\/wp-json\/wp\/v2\/product"}],"about":[{"href":"https:\/\/www.wanderbetrieb.at\/it\/wp-json\/wp\/v2\/types\/product"}],"replies":[{"embeddable":true,"href":"https:\/\/www.wanderbetrieb.at\/it\/wp-json\/wp\/v2\/comments?post=2640"}],"wp:featuredmedia":[{"embeddable":true,"href":"https:\/\/www.wanderbetrieb.at\/it\/wp-json\/wp\/v2\/media\/2844"}],"wp:attachment":[{"href":"https:\/\/www.wanderbetrieb.at\/it\/wp-json\/wp\/v2\/media?parent=2640"}],"wp:term":[{"taxonomy":"product_brand","embeddable":true,"href":"https:\/\/www.wanderbetrieb.at\/it\/wp-json\/wp\/v2\/product_brand?post=2640"},{"taxonomy":"product_cat","embeddable":true,"href":"https:\/\/www.wanderbetrieb.at\/it\/wp-json\/wp\/v2\/product_cat?post=2640"},{"taxonomy":"product_tag","embeddable":true,"href":"https:\/\/www.wanderbetrieb.at\/it\/wp-json\/wp\/v2\/product_tag?post=2640"}],"curies":[{"name":"wp","href":"https:\/\/api.w.org\/{rel}","templated":true}]}}